{"id":2708545,"date":"2023-10-18T09:46:05","date_gmt":"2023-10-18T07:46:05","guid":{"rendered":"https:\/\/www.camping-le-calagogo.fr\/cancellation-guarantee\/"},"modified":"2025-12-02T15:40:42","modified_gmt":"2025-12-02T14:40:42","slug":"cancellation-guarantee","status":"publish","type":"page","link":"https:\/\/www.camping-le-calagogo.fr\/en\/cancellation-guarantee\/","title":{"rendered":"Early Booking"},"content":{"rendered":"<section id=\"ls-section-block_b98ab788285af630cce6f247bd272400\" class=\"ls-section  page-chapeau deco has-p-b p-b-4\" >\r\n        <div class=\"container container--wide\">\r\n        \n\n<h1 class=\"ls__heading wp-block-heading has-text-align-center\">Offre Early Booking du Cala Gogo <br><strong>\u00e0 Saint Cyprien<\/strong><\/h1>\n\n\r\n    <\/div>\r\n<\/section>\n\n<section id=\"ls-section-block_e06d512086b42eb33a574b1ad24aca87\" class=\"ls-section  page-one has-p-t p-t-0 has-p-b p-b-14\" >\r\n        <div class=\"container container--wide\">\r\n        \n\n<div class=\"wp-block-columns are-vertically-aligned-center is-layout-flex wp-container-core-columns-is-layout-9d6595d7 wp-block-columns-is-layout-flex\">\n<div class=\"wp-block-column is-vertically-aligned-center first is-layout-flow wp-block-column-is-layout-flow\" style=\"flex-basis:66.7%\">\n<figure class=\"wp-block-image size-full\"><a href=\"https:\/\/www.camping-le-calagogo.fr\/wp-content\/uploads\/2023\/10\/camping-cala-gogo-a-saint-cyprien-avec-piscine-avec-des-toboggans.webp\"><img decoding=\"async\" width=\"2000\" height=\"1333\" src=\"https:\/\/www.camping-le-calagogo.fr\/wp-content\/uploads\/2023\/10\/camping-cala-gogo-a-saint-cyprien-avec-piscine-avec-des-toboggans.webp\" alt=\"\" class=\"wp-image-578\" srcset=\"https:\/\/www.camping-le-calagogo.fr\/wp-content\/uploads\/2023\/10\/camping-cala-gogo-a-saint-cyprien-avec-piscine-avec-des-toboggans.webp 2000w, https:\/\/www.camping-le-calagogo.fr\/wp-content\/uploads\/2023\/10\/camping-cala-gogo-a-saint-cyprien-avec-piscine-avec-des-toboggans-300x200.webp 300w, https:\/\/www.camping-le-calagogo.fr\/wp-content\/uploads\/2023\/10\/camping-cala-gogo-a-saint-cyprien-avec-piscine-avec-des-toboggans-1024x682.webp 1024w, https:\/\/www.camping-le-calagogo.fr\/wp-content\/uploads\/2023\/10\/camping-cala-gogo-a-saint-cyprien-avec-piscine-avec-des-toboggans-768x512.webp 768w, https:\/\/www.camping-le-calagogo.fr\/wp-content\/uploads\/2023\/10\/camping-cala-gogo-a-saint-cyprien-avec-piscine-avec-des-toboggans-1536x1024.webp 1536w\" sizes=\"(max-width: 2000px) 100vw, 2000px\" \/><\/a><\/figure>\n<\/div>\n\n\n\n<div class=\"wp-block-column is-vertically-aligned-center second is-layout-flow wp-block-column-is-layout-flow\" style=\"flex-basis:33.3%\">\n<p class=\"ls-paragraph has-text-align-left\">With Cala Gogo&#8217;s <strong>Early Booking<\/strong> offer, the earlier you book, the better prepared you are for your vacation. Benefit from<strong> a 10% discount on your mobile home <\/strong>for all bookings made before 28\/02\/2026.<\/p>\n\n\n\n<p class=\"ls-paragraph has-text-align-left\">The Cala-Gogo also offers a number of other ADVANTAGES:<\/p>\n\n\n\n<ul class=\"ls-list ls-list-undefined wp-block-list\">\n<li>You <strong>can choose your own pitch<\/strong> or mobile home. It&#8217;s so nice to be able to choose where to put your suitcases, and to be next to old friends to share good times.<\/li>\n\n\n\n<li>The guarantee of being able to cancel or postpone your stay free of charge up to 30 days before arrival with the S\u00e9r\u00e9nit\u00e9 guarantee (special covid &#8211; see GTC) or the Zen guarantee (see GTC).<\/li>\n\n\n\n<li>Payment in instalments, with the balance due one month before your arrival, to keep your budget under control<\/li>\n\n\n\n<li>Flexibility of arrival days at different times of the year for stress-free travel<\/li>\n<\/ul>\n\n\n\n<p class=\"ls-paragraph has-text-align-left addReadMore showlesscontent\">Early Booking until 28\/02\/2026 is the promotion you need for a well-planned stay in a sunny region on the campsite selected by the family, at the best price! Don&#8217;t wait any longer!<\/p>\n\n\n\n<a href=\"https:\/\/bookingpremium.secureholiday.net\/fr\/2224\/offers?_ga=2.94130841.501342646.1696958619-92885158.1695638371&#038;_gl=1*eqclui*_ga*OTI4ODUxNTguMTY5NTYzODM3MQ..*_ga_4KTSZ1C4HZ*MTY5NzAyMDczMS45LjEuMTY5NzAyNDIxNy42MC4wLjA.\" id=\"ls-button-block_80d0f83666d8764356dfb468f40f88ba\" target=\"\" rel=\"\" class=\"ls-button alignleft\" ><span>I&#8217;m enjoying it now<\/span> <i class='calagogo-right-arrow'><\/i><\/a>\n<\/div>\n<\/div>\n\n\r\n    <\/div>\r\n<\/section>\n\n<section id=\"ls-section-block_dc4fc5c27e17042a0246ae862f114ab4\" class=\"ls-section  page-one has-background has-color-4-background-color has-m-t m-t-0\" >\r\n        <div class=\"container container--wide\">\r\n        \n\n<div class=\"wp-block-columns is-layout-flex wp-container-core-columns-is-layout-9d6595d7 wp-block-columns-is-layout-flex\">\n<div class=\"wp-block-column m-l-4 is-layout-flow wp-block-column-is-layout-flow\">\n<h2 class=\"ls__heading wp-block-heading\">Zen&#8221; cancellation guarantee, applicable in all circumstances<\/h2>\n\n\n\n<p class=\"ls-paragraph has-text-align-left\">The campsite&#8217;s own <strong>ZEN cancellation guarantee <\/strong>is taken out at the time of booking for <strong>3% of your stay<\/strong>. It remains optional.<\/p>\n\n\n\n<p class=\"ls-paragraph has-text-align-left\">If the customer decides not to take out this insurance, he\/she will not be entitled to any refund in the event of cancellation. All cancellation requests must be made by e-mail only.  <\/p>\n\n\n\n<p class=\"ls-paragraph has-text-align-left\">The amount paid will be reimbursed as follows:<\/p>\n\n\n\n<ul class=\"ls-list wp-block-list\">\n\n<li>100% more than 30 days before the start of your stay (non-refundable booking fee and cancellation guarantee).<\/li>\n\n\n<li>50% more than 15 days before the start date of your stay, (non-refundable booking fees and cancellation guarantee).<\/li>\n\n\n<li>25% more than 7 days before the start date of your stay (non-refundable booking fee and cancellation guarantee).<\/li>\n\n\n<li>Less than 7 days before the start date of your stay, the sums remain acquired by the Camping.<\/li>\n\n<\/ul>\n\n\n\n<p class=\"ls-paragraph has-text-align-left\"><strong>Conditions applicable to the cancellation guarantee:<\/strong> Serious illness, death of a member  <\/p>\n<\/div>\n<\/div>\n\n\r\n    <\/div>\r\n<\/section>\n\n<section id=\"ls-section-block_c3d43f5f19a7d5e98cd33994cb55b787\" class=\"ls-section  page-maillage has-p-b p-b-14\" >\r\n        <div class=\"container container--wide\">\r\n        \n\n<div id=\"ls-heading ls-titre-div-block_11fae0adade59f59666c23e50b926511\" class=\"ls-titre-div m-left h2-like\" >\n    Discover <\/br>Cala Gogo!<\/div>\n\n\n<div id=\"ls-maillage-block_73d326c093265c92f4fa1942736f9d7b\" class=\"ls-maillage cta-style-normal\" data-rows=\"3\">\n    <div class=\"wp-block-columns  \"><div class=\"wp-block-column\"><div id=\"destinations\" class=\"ls-cta\">\n\n<a href=\"https:\/\/www.camping-le-calagogo.fr\/en\/camping-services-pyrenees-orientales\/\" target=\"\" rel=\"noopener\" class=\"ls-cta__link\">\n\n\t<div class=\"ls-cta__image\"><img decoding=\"async\" src=\"https:\/\/www.camping-le-calagogo.fr\/wp-content\/uploads\/2023\/12\/epicerie-languedoc.webp\" alt=\"\"><\/div>\n\t<div class=\"ls-cta__title\">\n\t\tServices and shops\t<\/div>\n\t\n\t\t\n<\/a><\/div><\/div><div class=\"wp-block-column\"><div id=\"destinations\" class=\"ls-cta\">\n\n<a href=\"https:\/\/www.camping-le-calagogo.fr\/en\/camping-seaside-languedoc-roussillon\/\" target=\"\" rel=\"noopener\" class=\"ls-cta__link\">\n\n\t<div class=\"ls-cta__image\"><img decoding=\"async\" src=\"https:\/\/www.camping-le-calagogo.fr\/wp-content\/uploads\/2023\/12\/camping-bord-mer-saint-cyprien.webp\" alt=\"\"><\/div>\n\t<div class=\"ls-cta__title\">\n\t\tSeaside\t<\/div>\n\t\n\t\t\n<\/a><\/div><\/div><div class=\"wp-block-column\"><div id=\"destinations\" class=\"ls-cta\">\n\n<a href=\"https:\/\/www.camping-le-calagogo.fr\/en\/camping-cheap-languedoc-roussillon\/\" target=\"\" rel=\"noopener\" class=\"ls-cta__link\">\n\n\t<div class=\"ls-cta__image\"><img decoding=\"async\" src=\"https:\/\/www.camping-le-calagogo.fr\/wp-content\/uploads\/2023\/12\/camping-reception.webp\" alt=\"\"><\/div>\n\t<div class=\"ls-cta__title\">\n\t\tRates\t<\/div>\n\t\n\t\t\n<\/a><\/div><\/div><\/div><\/div>\n\r\n    <\/div>\r\n<\/section>","protected":false},"excerpt":{"rendered":"","protected":false},"author":1,"featured_media":2630411,"parent":0,"menu_order":0,"comment_status":"closed","ping_status":"closed","template":"","meta":{"_acf_changed":false,"_seopress_robots_primary_cat":"","_seopress_titles_title":"Early Booking; Cancellation guarantee at Saint-Cyprien Plage","_seopress_titles_desc":"","_seopress_robots_index":"","inline_featured_image":false,"footnotes":""},"sujet":[],"class_list":["post-2708545","page","type-page","status-publish","has-post-thumbnail","hentry"],"acf":[],"_links":{"self":[{"href":"https:\/\/www.camping-le-calagogo.fr\/en\/wp-json\/wp\/v2\/pages\/2708545","targetHints":{"allow":["GET"]}}],"collection":[{"href":"https:\/\/www.camping-le-calagogo.fr\/en\/wp-json\/wp\/v2\/pages"}],"about":[{"href":"https:\/\/www.camping-le-calagogo.fr\/en\/wp-json\/wp\/v2\/types\/page"}],"author":[{"embeddable":true,"href":"https:\/\/www.camping-le-calagogo.fr\/en\/wp-json\/wp\/v2\/users\/1"}],"replies":[{"embeddable":true,"href":"https:\/\/www.camping-le-calagogo.fr\/en\/wp-json\/wp\/v2\/comments?post=2708545"}],"version-history":[{"count":9,"href":"https:\/\/www.camping-le-calagogo.fr\/en\/wp-json\/wp\/v2\/pages\/2708545\/revisions"}],"predecessor-version":[{"id":2847839,"href":"https:\/\/www.camping-le-calagogo.fr\/en\/wp-json\/wp\/v2\/pages\/2708545\/revisions\/2847839"}],"wp:featuredmedia":[{"embeddable":true,"href":"https:\/\/www.camping-le-calagogo.fr\/en\/wp-json\/wp\/v2\/media\/2630411"}],"wp:attachment":[{"href":"https:\/\/www.camping-le-calagogo.fr\/en\/wp-json\/wp\/v2\/media?parent=2708545"}],"wp:term":[{"taxonomy":"sujet","embeddable":true,"href":"https:\/\/www.camping-le-calagogo.fr\/en\/wp-json\/wp\/v2\/sujet?post=2708545"}],"curies":[{"name":"wp","href":"https:\/\/api.w.org\/{rel}","templated":true}]}}