{"id":2708352,"date":"2023-10-18T09:10:40","date_gmt":"2023-10-18T07:10:40","guid":{"rendered":"https:\/\/www.camping-le-calagogo.fr\/raly-bike\/"},"modified":"2024-03-21T08:59:48","modified_gmt":"2024-03-21T07:59:48","slug":"raly-fiets","status":"publish","type":"page","link":"https:\/\/www.camping-le-calagogo.fr\/nl\/raly-fiets\/","title":{"rendered":"Raly Fiets"},"content":{"rendered":"<section id=\"ls-section-block_7199daff30d30dc5470d56bb7c478698\" class=\"ls-section  page-chapeau deco has-p-b p-b-4\" >\r\n        <div class=\"container \">\r\n        \n\n<h1 class=\"ls__heading wp-block-heading has-text-align-center\">Raly Fiets<\/h1>\n\n\r\n    <\/div>\r\n<\/section><section id=\"ls-section-block_6f7883c413ccbd5276ceb394a482aff3\" class=\"ls-section  page-one has-p-t p-t-0 has-p-b p-b-14\" >\r\n        <div class=\"container container--wide\">\r\n        \n\n<div class=\"wp-block-columns is-layout-flex wp-container-core-columns-is-layout-9d6595d7 wp-block-columns-is-layout-flex\">\n<div class=\"wp-block-column is-vertically-aligned-center first is-layout-flow wp-block-column-is-layout-flow\" style=\"flex-basis:66.7%\">\n<figure class=\"wp-block-image size-full\"><img decoding=\"async\" width=\"1800\" height=\"1200\" src=\"https:\/\/www.camping-le-calagogo.fr\/wp-content\/uploads\/2023\/12\/raly-bike-saint-cyprien.webp\" alt=\"raly fiets saint cyprien\" class=\"wp-image-2629627\" srcset=\"https:\/\/www.camping-le-calagogo.fr\/wp-content\/uploads\/2023\/12\/raly-bike-saint-cyprien.webp 1800w, https:\/\/www.camping-le-calagogo.fr\/wp-content\/uploads\/2023\/12\/raly-bike-saint-cyprien-300x200.webp 300w, https:\/\/www.camping-le-calagogo.fr\/wp-content\/uploads\/2023\/12\/raly-bike-saint-cyprien-1024x683.webp 1024w, https:\/\/www.camping-le-calagogo.fr\/wp-content\/uploads\/2023\/12\/raly-bike-saint-cyprien-768x512.webp 768w, https:\/\/www.camping-le-calagogo.fr\/wp-content\/uploads\/2023\/12\/raly-bike-saint-cyprien-1536x1024.webp 1536w\" sizes=\"(max-width: 1800px) 100vw, 1800px\" \/><\/figure>\n<\/div>\n\n\n\n<div class=\"wp-block-column is-vertically-aligned-center second is-layout-flow wp-block-column-is-layout-flow\" style=\"flex-basis:33.3%\">\n<h2 class=\"ls__heading wp-block-heading\">Raly Fiets<\/h2>\n\n\n\n<p class=\"ls-paragraph\">Zin in een wandeling? De omgeving van onze prachtige regio ontdekken? En je hebt er niet aan gedacht om fietsen mee te nemen?<\/p>\n\n\n\n<p class=\"ls-paragraph\">Geen zorgen, je kunt ze huren op <a href=\"https:\/\/www.camping-le-calagogo.fr\/nl\/\" data-type=\"page\" data-id=\"9\">camping Cala-Gogo in Saint-Cyprien<\/a>!<\/p>\n\n\n\n<p class=\"ls-paragraph\"><strong>Huurtarief<\/strong> (boekingen alleen ter plaatse) :<\/p>\n\n\n\n<ul class=\"ls-list wp-block-list\">\n<li><strong>Kinderfietsen :<\/strong>\n<ul class=\"ls-list wp-block-list\">\n<li>Een dag = \u20ac12<\/li>\n\n\n\n<li>Een week = \u20ac39<\/li>\n<\/ul>\n<\/li>\n\n\n\n<li><strong>Volwassen fietsen :<\/strong>\n<ul class=\"ls-list wp-block-list\">\n<li>Een dag = \u20ac14<\/li>\n\n\n\n<li>Een week = \u20ac45<\/li>\n<\/ul>\n<\/li>\n\n\n\n<li><strong>Casque \/ Si\u00e8ge B\u00e9b\u00e9 :&nbsp;<\/strong>\n<ul class=\"ls-list wp-block-list\">\n<li>Een dag = \u20ac2<\/li>\n\n\n\n<li>Een week = \u20ac6<\/li>\n<\/ul>\n<\/li>\n<\/ul>\n\n\n\n<p class=\"ls-paragraph\">Aarzel niet om contact met hen op te nemen: 06.10.40.37.12 of 07.60.24.11.45<\/p>\n<\/div>\n<\/div>\n\n\r\n    <\/div>\r\n<\/section><section id=\"ls-section-block_dc0d4fa833ad4602550762da4cd00383\" class=\"ls-section  page-two mosaique has-background has-color-4-background-color has-p-t p-t-14 has-p-b p-b-14\" >\r\n        <div class=\"container container--wide\">\r\n        \n\n<div class=\"wp-block-columns is-layout-flex wp-container-core-columns-is-layout-9d6595d7 wp-block-columns-is-layout-flex\">\n<div class=\"wp-block-column is-vertically-aligned-center is-layout-flow wp-block-column-is-layout-flow\">\n<h2 class=\"ls__heading wp-block-heading\">Peddelverhuur<\/h2>\n\n\n\n<p class=\"ls-paragraph\">Wil je paddleboarden en wat tijd doorbrengen op onze prachtige Middellandse Zee?<\/p>\n\n\n\n<p class=\"ls-paragraph\">Raly Bike is hier om je zijn diensten aan te bieden.<\/p>\n\n\n\n<p class=\"ls-paragraph\"><strong>Huurtarief<\/strong> (boekingen alleen ter plaatse) :<\/p>\n\n\n\n<ul class=\"ls-list wp-block-list\">\n<li><strong>Peddel :<\/strong>\n<ul class=\"ls-list wp-block-list\">\n<li>1\/2 dag = \u20ac29<\/li>\n\n\n\n<li>Hele dag = \u20ac39<\/li>\n<\/ul>\n<\/li>\n<\/ul>\n<\/div>\n\n\n\n<div class=\"wp-block-column is-vertically-aligned-center is-layout-flow wp-block-column-is-layout-flow\">\n<figure class=\"wp-block-image size-large\"><img decoding=\"async\" width=\"1024\" height=\"683\" src=\"https:\/\/www.camping-le-calagogo.fr\/wp-content\/uploads\/2023\/12\/location-padle-pyrenees-orientales-1024x683.webp\" alt=\"locatie padle pyrenees orientales\" class=\"wp-image-2629633\" srcset=\"https:\/\/www.camping-le-calagogo.fr\/wp-content\/uploads\/2023\/12\/location-padle-pyrenees-orientales-1024x683.webp 1024w, https:\/\/www.camping-le-calagogo.fr\/wp-content\/uploads\/2023\/12\/location-padle-pyrenees-orientales-300x200.webp 300w, https:\/\/www.camping-le-calagogo.fr\/wp-content\/uploads\/2023\/12\/location-padle-pyrenees-orientales-768x512.webp 768w, https:\/\/www.camping-le-calagogo.fr\/wp-content\/uploads\/2023\/12\/location-padle-pyrenees-orientales-1536x1024.webp 1536w, https:\/\/www.camping-le-calagogo.fr\/wp-content\/uploads\/2023\/12\/location-padle-pyrenees-orientales.webp 1800w\" sizes=\"(max-width: 1024px) 100vw, 1024px\" \/><\/figure>\n<\/div>\n<\/div>\n\n\r\n    <\/div>\r\n<\/section><section id=\"ls-section-block_eea3460a011be4d2600319a340a81a8b\" class=\"ls-section  page-maillage has-p-b p-b-14\" >\r\n        <div class=\"container container--wide\">\r\n        \n\n<div id=\"ls-heading ls-titre-div-block_7c877bce017f3cd0da7eb8f8fc21c792\" class=\"ls-titre-div m-left h2-like\" >\n    Steden in de buurt <\/br>van de camping<\/div>\n\n\n<div id=\"ls-maillage-block_4dce33b7b22e7fc460037323068bc375\" class=\"ls-maillage cta-style-normal\" data-rows=\"3\">\n    <div class=\"wp-block-columns  \"><div class=\"wp-block-column\"><div id=\"destinations\" class=\"ls-cta\">\n\n<a href=\"https:\/\/www.camping-le-calagogo.fr\/nl\/camping-elne\/\" target=\"\" rel=\"noopener\" class=\"ls-cta__link\">\n\n\t<div class=\"ls-cta__image\"><img decoding=\"async\" src=\"https:\/\/www.camping-le-calagogo.fr\/wp-content\/uploads\/2023\/12\/sejour-camping-elne.webp\" alt=\"\"><\/div>\n\t<div class=\"ls-cta__title\">\n\t\tCamping Elne\t<\/div>\n\t\n\t\t\n<\/a><\/div><\/div><div class=\"wp-block-column\"><div id=\"destinations\" class=\"ls-cta\">\n\n<a href=\"https:\/\/www.camping-le-calagogo.fr\/nl\/camping\/\" target=\"\" rel=\"noopener\" class=\"ls-cta__link\">\n\n\t<div class=\"ls-cta__image\"><img decoding=\"async\" src=\"https:\/\/www.camping-le-calagogo.fr\/wp-content\/uploads\/2023\/12\/sejour-camping-carcassonne.webp\" alt=\"\"><\/div>\n\t<div class=\"ls-cta__title\">\n\t\tCamping\t<\/div>\n\t\n\t\t\n<\/a><\/div><\/div><div class=\"wp-block-column\"><div id=\"destinations\" class=\"ls-cta\">\n\n<a href=\"https:\/\/www.camping-le-calagogo.fr\/nl\/camping-saint-andre\/\" target=\"\" rel=\"noopener\" class=\"ls-cta__link\">\n\n\t<div class=\"ls-cta__image\"><img decoding=\"async\" src=\"https:\/\/www.camping-le-calagogo.fr\/wp-content\/uploads\/2024\/01\/visiter-saint-andre.webp\" alt=\"visiter saint andre\"><\/div>\n\t<div class=\"ls-cta__title\">\n\t\tSaint-Andr\u00e9\t<\/div>\n\t\n\t\t\n<\/a><\/div><\/div><\/div><\/div>\n\r\n    <\/div>\r\n<\/section>","protected":false},"excerpt":{"rendered":"","protected":false},"author":1,"featured_media":2629651,"parent":0,"menu_order":0,"comment_status":"closed","ping_status":"closed","template":"","meta":{"_acf_changed":false,"_seopress_robots_primary_cat":"","_seopress_titles_title":"","_seopress_titles_desc":"","_seopress_robots_index":"","inline_featured_image":false,"footnotes":""},"sujet":[],"class_list":["post-2708352","page","type-page","status-publish","has-post-thumbnail","hentry"],"acf":[],"_links":{"self":[{"href":"https:\/\/www.camping-le-calagogo.fr\/nl\/wp-json\/wp\/v2\/pages\/2708352","targetHints":{"allow":["GET"]}}],"collection":[{"href":"https:\/\/www.camping-le-calagogo.fr\/nl\/wp-json\/wp\/v2\/pages"}],"about":[{"href":"https:\/\/www.camping-le-calagogo.fr\/nl\/wp-json\/wp\/v2\/types\/page"}],"author":[{"embeddable":true,"href":"https:\/\/www.camping-le-calagogo.fr\/nl\/wp-json\/wp\/v2\/users\/1"}],"replies":[{"embeddable":true,"href":"https:\/\/www.camping-le-calagogo.fr\/nl\/wp-json\/wp\/v2\/comments?post=2708352"}],"version-history":[{"count":5,"href":"https:\/\/www.camping-le-calagogo.fr\/nl\/wp-json\/wp\/v2\/pages\/2708352\/revisions"}],"predecessor-version":[{"id":2832417,"href":"https:\/\/www.camping-le-calagogo.fr\/nl\/wp-json\/wp\/v2\/pages\/2708352\/revisions\/2832417"}],"wp:featuredmedia":[{"embeddable":true,"href":"https:\/\/www.camping-le-calagogo.fr\/nl\/wp-json\/wp\/v2\/media\/2629651"}],"wp:attachment":[{"href":"https:\/\/www.camping-le-calagogo.fr\/nl\/wp-json\/wp\/v2\/media?parent=2708352"}],"wp:term":[{"taxonomy":"sujet","embeddable":true,"href":"https:\/\/www.camping-le-calagogo.fr\/nl\/wp-json\/wp\/v2\/sujet?post=2708352"}],"curies":[{"name":"wp","href":"https:\/\/api.w.org\/{rel}","templated":true}]}}