{"id":2708386,"date":"2023-10-18T09:18:36","date_gmt":"2023-10-18T07:18:36","guid":{"rendered":"https:\/\/www.camping-le-calagogo.fr\/camping-3\/"},"modified":"2024-09-03T13:40:29","modified_gmt":"2024-09-03T11:40:29","slug":"watergebied-saint-cyprien","status":"publish","type":"page","link":"https:\/\/www.camping-le-calagogo.fr\/nl\/camping-argeles-sur-mer\/watergebied-saint-cyprien\/","title":{"rendered":"Camping met zwembad Argel\u00e8s-sur-Mer"},"content":{"rendered":"<section id=\"ls-section-block_f10ce2e8b89bdf34c8144d66a31761a4\" class=\"ls-section  page-chapeau deco has-p-b p-b-4\" >\r\n        <div class=\"container \">\r\n        \n\n<h1 class=\"ls__heading wp-block-heading has-text-align-center\">Camping met zwembad<br><strong>in Argel\u00e8s sur Mer<\/strong><\/h1>\n\n\n\n<p class=\"ls-paragraph has-text-align-center\">Onze <a href=\"https:\/\/www.camping-le-calagogo.fr\/nl\/camping-argeles-sur-mer\/\" data-type=\"page\" data-id=\"2272\">camping in Argel\u00e8s-sur-Mer<\/a>, met een <strong>zwembad van 600 m\u00b2<\/strong>, is de perfecte plek om nieuwe energie op te doen, te ontspannen of plezier te maken. Het zwembad, een traditioneel rechthoekig zwembad, is gewijd aan zwemmers en baantjes trekken in <strong>verkwikkend water<\/strong>. En het grootste voordeel van de Camping is het verwarmde zwembad, perfect om in te luieren. Op <a href=\"https:\/\/www.camping-le-calagogo.fr\/nl\/\" data-type=\"page\" data-id=\"9\">5-sterrencamping Saint-Cyprien<\/a> bevindt u zich op 7 km van het stadscentrum en alle activiteiten. Het is dus de ideale Camping met waterpark voor je verblijf in <a href=\"https:\/\/www.camping-le-calagogo.fr\/nl\/camping-argeles-sur-mer\/toerisme-argeles-sur-mer\/\" data-type=\"page\" data-id=\"134\">Argeles sur Mer<\/a>.<\/p>\n\n\r\n    <\/div>\r\n<\/section>\n\n<section id=\"ls-section-block_af038df4179f33e142c27d53851a10df\" class=\"ls-section  page-one has-p-t p-t-0 has-p-b p-b-14\" >\r\n        <div class=\"container container--wide\">\r\n        \n\n<div class=\"wp-block-columns is-layout-flex wp-container-core-columns-is-layout-9d6595d7 wp-block-columns-is-layout-flex\">\n<div class=\"wp-block-column is-vertically-aligned-center first is-layout-flow wp-block-column-is-layout-flow\" style=\"flex-basis:66.7%\">\n<figure class=\"wp-block-image size-full\"><img decoding=\"async\" width=\"1733\" height=\"1200\" src=\"https:\/\/www.camping-le-calagogo.fr\/wp-content\/uploads\/2023\/12\/espace-aquatique-camping-perpignan.webp\" alt=\"aquatische ruimte camping perpignan\" class=\"wp-image-2629836\" srcset=\"https:\/\/www.camping-le-calagogo.fr\/wp-content\/uploads\/2023\/12\/espace-aquatique-camping-perpignan.webp 1733w, https:\/\/www.camping-le-calagogo.fr\/wp-content\/uploads\/2023\/12\/espace-aquatique-camping-perpignan-300x208.webp 300w, https:\/\/www.camping-le-calagogo.fr\/wp-content\/uploads\/2023\/12\/espace-aquatique-camping-perpignan-1024x709.webp 1024w, https:\/\/www.camping-le-calagogo.fr\/wp-content\/uploads\/2023\/12\/espace-aquatique-camping-perpignan-768x532.webp 768w, https:\/\/www.camping-le-calagogo.fr\/wp-content\/uploads\/2023\/12\/espace-aquatique-camping-perpignan-1536x1064.webp 1536w\" sizes=\"(max-width: 1733px) 100vw, 1733px\" \/><\/figure>\n<\/div>\n\n\n\n<div class=\"wp-block-column is-vertically-aligned-center second is-layout-flow wp-block-column-is-layout-flow\" style=\"flex-basis:33.3%\">\n<h2 class=\"ls__heading wp-block-heading\">Waterpark Argel\u00e8s-sur-Mer<\/h2>\n\n\n\n<p class=\"ls-paragraph\"><strong>Buiten het seizoen<\/strong> in <strong>gematigd water<\/strong> liggen, terwijl de luchttemperatuur koel blijft, is een paradijs. De waterstralen, waterpaddenstoel en zachte helling zullen het hele gezin aanspreken tijdens je verblijf in Argeles-sur-Mer.<\/p>\n\n\n\n<p class=\"ls-paragraph\"><strong>Het gezin<\/strong> kan genieten van de geneugten van het water, zonder verrast te worden door de frisheid van het water. (Ter herinnering: zwemshorts en bermuda&#8217;s zijn niet toegestaan).<\/p>\n\n\n\n<p class=\"ls-paragraph\">Zodra je aankomt in Zuid-Frankrijk, in de Pyr\u00e9n\u00e9es-Orientales, staat het <strong>programma vast.<\/strong> Trek je zwemkleding aan, duik in het verwarmde water, ontspan, je bent er. De palmbomen en mediterrane planten langs het zwembad voeren je mee naar een verre droom, liggend op je handdoek.<\/p>\n\n\n\n<p class=\"ls-paragraph addReadMore showlesscontent\">Voor <strong>een vakantie met het gezin<\/strong> of met vrienden, met een waterpark voor iedereen, is cala gogo, op 7 minuten van het dorp Argeles sur mer, de perfecte dorpsclub voor accommodatie in Argeles sur Mer tegen de beste prijs. De camping ligt in de buurt van enkele trekpleisters in de oostelijke Pyrenee\u00ebn en heeft een waterpark voor sportievelingen en voor <strong>ontspanning en plezier<\/strong>. <strong>Ieder zijn eigen tempo, ieder zijn eigen vakantie<\/strong>.<\/p>\n<\/div>\n<\/div>\n\n\r\n    <\/div>\r\n<\/section>\n\n<section id=\"ls-section-block_50b6b08f8d69b0b9c7142f565d8d2583\" class=\"ls-section  page-two mosaique has-background has-color-4-background-color has-p-t p-t-14 has-p-b p-b-14\" >\r\n        <div class=\"container container--wide\">\r\n        \n\n<div class=\"wp-block-columns is-layout-flex wp-container-core-columns-is-layout-9d6595d7 wp-block-columns-is-layout-flex\">\n<div class=\"wp-block-column is-vertically-aligned-center is-layout-flow wp-block-column-is-layout-flow\">\n<h2 class=\"ls__heading wp-block-heading has-text-align-left\">Een pierenbadje voor de kleintjes<\/h2>\n\n\n\n<p class=\"ls-paragraph has-text-align-left\">In het pierenbad (laag waterniveau) kunnen jongere kinderen <strong>in alle veiligheid afkoelen<\/strong> onder toezicht van een volwassen begeleider.<\/p>\n\n\n\n<p class=\"ls-paragraph has-text-align-left\">Voor het <strong>welzijn van alle kleintjes<\/strong> wordt het water verwarmd. De miniglijbaan met wateremmer of machinegeweer zal het hele gezin hardop laten lachen.<\/p>\n\n\n\n<p class=\"ls-paragraph has-text-align-left\">Ga op een <strong>paar meter van het zwembad<\/strong> zitten, haal je camera tevoorschijn en wees een toeschouwer.<\/p>\n\n\n\n<h2 class=\"ls__heading wp-block-heading has-text-align-left\">Geniet van wateractiviteiten op Camping Cala Gogo bij Argel\u00e8s-sur-Mer<\/h2>\n\n\n\n<p class=\"ls-paragraph has-text-align-left\">Het <strong>waterpark op de camping<\/strong> bij Argel\u00e8s-sur-Mer<strong> <\/strong>biedt je alle mogelijkheden om te zwemmen in verschillende zwembaden en peuterbaden, met of zonder glijbanen en leuke spelletjes.<\/p>\n\n\n\n<p class=\"ls-paragraph has-text-align-left addReadMore showlesscontent\">Tijdens de ochtenden in juli en augustus kun je genieten van <strong>de favoriete activiteit van alle vakantiegangers<\/strong>. Onze entertainers staan klaar om je wakker te maken, en dan is het op naar de sport en leuke activiteiten voor kinderen en tieners, waaronder een waterpolowedstrijd en een introductie tot scubaduiken&#8230;<\/p>\n\n\n\n<p class=\"ls-paragraph has-text-align-left\">Je kunt je crawl perfectioneren, liggend in het water ontspannen, plezier maken met je kinderen, spetteren in de waterstralen of van de kleine glijbaan in het verwarmde peuterbad glijden. Er is een breed scala aan <strong>wateractiviteiten<\/strong> waaruit je kunt kiezen.<\/p>\n<\/div>\n\n\n\n<div class=\"wp-block-column is-vertically-aligned-center is-layout-flow wp-block-column-is-layout-flow\">\n<figure class=\"wp-block-image size-full\"><img decoding=\"async\" width=\"1632\" height=\"1200\" src=\"https:\/\/www.camping-le-calagogo.fr\/wp-content\/uploads\/2023\/12\/pataugeoire-piscine-enfant.webp\" alt=\"kinderbad\" class=\"wp-image-2629847\" srcset=\"https:\/\/www.camping-le-calagogo.fr\/wp-content\/uploads\/2023\/12\/pataugeoire-piscine-enfant.webp 1632w, https:\/\/www.camping-le-calagogo.fr\/wp-content\/uploads\/2023\/12\/pataugeoire-piscine-enfant-300x221.webp 300w, https:\/\/www.camping-le-calagogo.fr\/wp-content\/uploads\/2023\/12\/pataugeoire-piscine-enfant-1024x753.webp 1024w, https:\/\/www.camping-le-calagogo.fr\/wp-content\/uploads\/2023\/12\/pataugeoire-piscine-enfant-768x565.webp 768w, https:\/\/www.camping-le-calagogo.fr\/wp-content\/uploads\/2023\/12\/pataugeoire-piscine-enfant-1536x1129.webp 1536w\" sizes=\"(max-width: 1632px) 100vw, 1632px\" \/><\/figure>\n<\/div>\n<\/div>\n\n\r\n    <\/div>\r\n<\/section>\n\n<section id=\"ls-section-block_f24503ec74d05ea81cfa75e2874acff3\" class=\"ls-section \" >\r\n        <div class=\"container container--wide\">\r\n        \n\n<div class=\"wp-block-columns is-layout-flex wp-container-core-columns-is-layout-9d6595d7 wp-block-columns-is-layout-flex\">\n<div class=\"wp-block-column is-layout-flow wp-block-column-is-layout-flow\">\n<h2 class=\"ls__heading wp-block-heading\">Camping Argel\u00e8s-sur-Mer met verwarmd zwembad<\/h2>\n\n\n\n<p class=\"ls-paragraph\">Het watergebied is een bijzonder populaire plek voor ontspanning en recreatie, met verschillende zwemgebieden voor jong en oud. Deze omvatten <strong>verwarmde zwembaden, waterglijbanen en bubbelbaden<\/strong>.<\/p>\n\n\n\n<p class=\"ls-paragraph\">Of je nu een paar baantjes wilt trekken of wilt ontspannen na een dag vol activiteiten, het verwarmde zwembad is de hele dag geopend.<\/p>\n\n\n\n<p class=\"ls-paragraph\">Het solarium is een andere populaire ontspanningsruimte voor vakantiegangers. Ze kunnen genieten van kostbare momenten van ontspanning op de ligstoelen, in de schaduw van de strohutten die de perfecte achtergrond vormen voor het zwembad en, meer in het algemeen, het waterpark.<\/p>\n<\/div>\n\n\n\n<div class=\"wp-block-column is-layout-flow wp-block-column-is-layout-flow\">\n<h2 class=\"ls__heading wp-block-heading has-text-align-left\">Camping Argel\u00e8s met waterglijbaan in de Pyr\u00e9n\u00e9es-Orientales<\/h2>\n\n\n\n<p class=\"ls-paragraph\">Kinderen worden niet overgeslagen als het gaat om de faciliteiten die beschikbaar zijn in het waterpark. Camping Le Cala Gogo is een van de weinige campings met een <strong>verwarmd kinderbad<\/strong>. Het zwembad heeft ook een <strong>waterglijbaan<\/strong> waar je naar hartenlust kunt lachen en spetteren.<\/p>\n\n\n\n<p class=\"ls-paragraph addReadMore showlesscontent\">Om ervoor te zorgen dat de kinderen zich in alle veiligheid kunnen vermaken en afkoelen in het pierenbadje of op de glijbaan, staat het campingpersoneel in juli en augustus onder toezicht bij het zwemmen. Dit ontslaat ouders niet van de plicht om zich te houden aan de interne regels van de school, met name wat betreft het watergebied. De aanwezigheid van een begeleidende volwassene is daarom altijd vereist wanneer kinderen spelen in de zwemzones die voor hen gereserveerd zijn.<\/p>\n<\/div>\n<\/div>\n\n\r\n    <\/div>\r\n<\/section>\n\n<section id=\"ls-section-block_cdbbe87f4bce4c217813f9282e4b1f5b\" class=\"ls-section  page-maillage has-p-b p-b-14\" >\r\n        <div class=\"container container--wide\">\r\n        \n\n<div id=\"ls-heading ls-titre-div-block_be4649f48d93dd73c07d8532de12ece3\" class=\"ls-titre-div m-left h2-like\" >\n    Stacaravans en zee<\/br>in Argel\u00e8s-sur-Mer<\/div>\n\n\n<div id=\"ls-maillage-block_c0ceb0e26198908df47dd45c8e70bcd3\" class=\"ls-maillage cta-style-normal\" data-rows=\"3\">\n    <div class=\"wp-block-columns  \"><div class=\"wp-block-column\"><div id=\"destinations\" class=\"ls-cta\">\n\n<a href=\"https:\/\/www.camping-le-calagogo.fr\/nl\/camping-argeles-sur-mer\/camping-aan-zee-argeles-sur-mer\/\" target=\"\" rel=\"noopener\" class=\"ls-cta__link\">\n\n\t<div class=\"ls-cta__image\"><img decoding=\"async\" src=\"https:\/\/www.camping-le-calagogo.fr\/wp-content\/uploads\/2023\/12\/activites-nautiques-pyrenees-orientales.webp\" alt=\"\"><\/div>\n\t<div class=\"ls-cta__title\">\n\t\tSeaside\t<\/div>\n\t\n\t\t\n<\/a><\/div><\/div><div class=\"wp-block-column\"><div id=\"destinations\" class=\"ls-cta\">\n\n<a href=\"https:\/\/www.camping-le-calagogo.fr\/nl\/camping-argeles-sur-mer\/locatie-stacaravan-argeles\/\" target=\"\" rel=\"noopener\" class=\"ls-cta__link\">\n\n\t<div class=\"ls-cta__image\"><img decoding=\"async\" src=\"https:\/\/www.camping-le-calagogo.fr\/wp-content\/uploads\/2023\/12\/camping-cala-gogo-a-saint-cyprien-avec-mobil-homes_resultat.webp\" alt=\"location mobil home\"><\/div>\n\t<div class=\"ls-cta__title\">\n\t\tStacaravans\t<\/div>\n\t\n\t\t\n<\/a><\/div><\/div><div class=\"wp-block-column\"><div id=\"destinations\" class=\"ls-cta\">\n\n<a href=\"https:\/\/www.camping-le-calagogo.fr\/nl\/camping-argeles-sur-mer\/locatie-caravaning-argeles-sur-mer\/\" target=\"\" rel=\"noopener\" class=\"ls-cta__link\">\n\n\t<div class=\"ls-cta__image\"><img decoding=\"async\" src=\"https:\/\/www.camping-le-calagogo.fr\/wp-content\/uploads\/2023\/12\/caravaning-saint-cyprien.webp\" alt=\"\"><\/div>\n\t<div class=\"ls-cta__title\">\n\t\tStaanplaatsen\t<\/div>\n\t\n\t\t\n<\/a><\/div><\/div><\/div><\/div>\n\r\n    <\/div>\r\n<\/section>","protected":false},"excerpt":{"rendered":"","protected":false},"author":1,"featured_media":2629855,"parent":2708662,"menu_order":0,"comment_status":"closed","ping_status":"closed","template":"","meta":{"_acf_changed":false,"_seopress_robots_primary_cat":"","_seopress_titles_title":"Camping Argeles sur Mer met zwembad | Waterpark en verwarmd zwembad","_seopress_titles_desc":"Neem een duik in het waterpark van Camping Argeles avec piscine: een verwarmd zwembad voor een vakantie met je voeten in het water in Argel\u00e8s!","_seopress_robots_index":"","inline_featured_image":false,"footnotes":""},"sujet":[],"class_list":["post-2708386","page","type-page","status-publish","has-post-thumbnail","hentry"],"acf":[],"_links":{"self":[{"href":"https:\/\/www.camping-le-calagogo.fr\/nl\/wp-json\/wp\/v2\/pages\/2708386","targetHints":{"allow":["GET"]}}],"collection":[{"href":"https:\/\/www.camping-le-calagogo.fr\/nl\/wp-json\/wp\/v2\/pages"}],"about":[{"href":"https:\/\/www.camping-le-calagogo.fr\/nl\/wp-json\/wp\/v2\/types\/page"}],"author":[{"embeddable":true,"href":"https:\/\/www.camping-le-calagogo.fr\/nl\/wp-json\/wp\/v2\/users\/1"}],"replies":[{"embeddable":true,"href":"https:\/\/www.camping-le-calagogo.fr\/nl\/wp-json\/wp\/v2\/comments?post=2708386"}],"version-history":[{"count":9,"href":"https:\/\/www.camping-le-calagogo.fr\/nl\/wp-json\/wp\/v2\/pages\/2708386\/revisions"}],"predecessor-version":[{"id":2845771,"href":"https:\/\/www.camping-le-calagogo.fr\/nl\/wp-json\/wp\/v2\/pages\/2708386\/revisions\/2845771"}],"up":[{"embeddable":true,"href":"https:\/\/www.camping-le-calagogo.fr\/nl\/wp-json\/wp\/v2\/pages\/2708662"}],"wp:featuredmedia":[{"embeddable":true,"href":"https:\/\/www.camping-le-calagogo.fr\/nl\/wp-json\/wp\/v2\/media\/2629855"}],"wp:attachment":[{"href":"https:\/\/www.camping-le-calagogo.fr\/nl\/wp-json\/wp\/v2\/media?parent=2708386"}],"wp:term":[{"taxonomy":"sujet","embeddable":true,"href":"https:\/\/www.camping-le-calagogo.fr\/nl\/wp-json\/wp\/v2\/sujet?post=2708386"}],"curies":[{"name":"wp","href":"https:\/\/api.w.org\/{rel}","templated":true}]}}