{"id":2708442,"date":"2023-10-18T09:39:04","date_gmt":"2023-10-18T07:39:04","guid":{"rendered":"https:\/\/www.camping-le-calagogo.fr\/locatie-caravaning-argeles-sur-mer\/"},"modified":"2024-09-03T14:27:50","modified_gmt":"2024-09-03T12:27:50","slug":"locatie-caravaning-argeles-sur-mer","status":"publish","type":"page","link":"https:\/\/www.camping-le-calagogo.fr\/nl\/camping-argeles-sur-mer\/locatie-caravaning-argeles-sur-mer\/","title":{"rendered":"Staanplaatsen Argeles"},"content":{"rendered":"<section id=\"ls-section-block_4e00a76e05fb39f9ac8ade5b1bb6cfe7\" class=\"ls-section  page-chapeau deco has-p-b p-b-4\" >\r\n        <div class=\"container \">\r\n        \n\n<h1 class=\"ls__heading wp-block-heading has-text-align-center\">Staanplaatsen in Argel\u00e8s sur Mer <strong>in de Pyr\u00e9n\u00e9es-Orientales<\/strong><\/h1>\n\n\n\n<p class=\"ls-paragraph has-text-align-center\">Naast de verhuur van stacaravans biedt de <a href=\"https:\/\/www.camping-le-calagogo.fr\/nl\/camping-argeles-sur-mer\/\" data-type=\"page\" data-id=\"2272\">camping in de buurt van Argel\u00e8s-sur-Mer<\/a> twee formules voor uw <a href=\"https:\/\/www.camping-le-calagogo.fr\/nl\/kampeerplaatsen-caravaning-saint-cyprien\/\" data-type=\"page\" data-id=\"90\">caravanvakantie in Saint-Cyprien<\/a>: de <strong>standaardformule<\/strong> (10A elektriciteit) en de <strong>grand confortformule<\/strong> (10A elektriciteit en afvoer).  <\/p>\n\n\r\n    <\/div>\r\n<\/section>\n\n<section id=\"ls-section-block_278b30c9e955d8493c4b3b8f3f727f28\" class=\"ls-section  has-m-t m-t-1 has-p-t p-t-0\" >\r\n        <div class=\"container container--wide\">\r\n        \n\n<ctv-availability data-product-type=\"pitch\" data-background-color=\"#FFFFFFFF\"><\/ctv-availability>\n<script>\n    window.ctoutvert = {\n\t\tid: 2224, \n\t\tlang: 'auto', \n\t\turl: 'https:\/\/reservation.secureholiday.net\/widgets\/'\n    };\n\n    (function (w, d, s, ctv, r, js, fjs) {\n        r=new XMLHttpRequest();r.open('GET',w[ctv].url+'js\/src.json');\n        r.responseType='json';r.json=true;r.send();\n        r.onload=function(){w[ctv].src=r.responseType=='json'?r.response:JSON.parse(r.response);\n        js.src=w[ctv].src[0];fjs.parentNode.insertBefore(js, fjs);}\n        js=d.createElement(s),fjs=d.getElementsByTagName(s)[0];\n        js.id='ctvwidget';js.async=1;\n    }(window, document, 'script', 'ctoutvert'));\n<\/script>\n\n\r\n    <\/div>\r\n<\/section>\n\n<section id=\"ls-section-block_058eea3b1e5b1b86a512aee102861ab4\" class=\"ls-section  page-one mosaique has-background has-color-4-background-color has-p-t p-t-14 has-p-b p-b-14\" >\r\n        <div class=\"container container--wide\">\r\n        \n\n<div class=\"wp-block-columns is-layout-flex wp-container-core-columns-is-layout-9d6595d7 wp-block-columns-is-layout-flex\">\n<div class=\"wp-block-column m-r-4 is-layout-flow wp-block-column-is-layout-flow\">\n<h2 class=\"ls__heading wp-block-heading\">400 tentplaatsen in de buurt van Argel\u00e8s sur Mer<\/h2>\n\n\n\n<p class=\"ls-paragraph\">Hou je van <strong>kamperen<\/strong> en wil je een staanplaats huren in Argeles sur Mer? We hebben meer dan <strong>400 tentplaatsen op slechts 15 minuten van Argel\u00e8s sur Mer<\/strong> voor een <a href=\"https:\/\/www.camping-le-calagogo.fr\/nl\/camping-argeles-sur-mer\/goedkope-camping-argeles-sur-mer\/\" data-type=\"page\" data-id=\"102\">goedkope<\/a> vakantie aan zee in de Pyr\u00e9n\u00e9es Orientales.<\/p>\n\n\n\n<p class=\"ls-paragraph\">Strijk neer op onze ruime kampeerplaatsen <a href=\"https:\/\/www.camping-le-calagogo.fr\/nl\/\" data-type=\"page\" data-id=\"9\">in Saint-Cyprien<\/a>, vouw je tent uit, parkeer je auto of je <strong>caravan\/kampeerwagen<\/strong> en geniet van je vakantie aan de Middellandse Zee.<\/p>\n<\/div>\n\n\n\n<div class=\"wp-block-column m-l-4 is-layout-flow wp-block-column-is-layout-flow\">\n<h2 class=\"ls__heading wp-block-heading\">Kamperen in een caravan dichtbij Argel\u00e8s<\/h2>\n\n\n\n<ul class=\"ls-list wp-block-list\">\n\n<li><strong>Ruime plaatsen<\/strong> voor je camping of caravan<\/li>\n\n\n<li>Kies een campingplaats <strong>met elektriciteit<\/strong><\/li>\n\n\n<li>Of volledig uitgeruste staanplaatsen met <strong>elektriciteit, water en afvoer<\/strong><\/li>\n\n<\/ul>\n\n\n\n<p class=\"ls-paragraph\">Een ander voordeel van het boeken van een kampeerplaats bij Cala gogo is dat je kunt profiteren van het zwembad in de buurt van Argel\u00e8s-sur-Mer, en van de betaalbare tarieven.<\/p>\n\n\n\n<p class=\"ls-paragraph\">Neem contact met ons op en kies de <strong>beste staanplaats voor uw tent, caravan of camping in de buurt van Argel\u00e8s<\/strong> voor uw caravanvakantie aan de Middellandse Zee, terwijl u geniet van activiteiten zoals <strong>kinderspelletjes en thema-avonden<\/strong>.<\/p>\n<\/div>\n<\/div>\n\n\r\n    <\/div>\r\n<\/section>\n\n<section id=\"ls-section-block_2d54180ac52c207728993338134b007d\" class=\"ls-section  page-one\" >\r\n        <div class=\"container container--wide\">\r\n        \n\n<div class=\"wp-block-columns is-layout-flex wp-container-core-columns-is-layout-9d6595d7 wp-block-columns-is-layout-flex\">\n<div class=\"wp-block-column m-r-4 is-layout-flow wp-block-column-is-layout-flow\">\n<h2 class=\"ls__heading wp-block-heading has-text-align-left\">Vakantie op een campingplaats in de buurt van Argel\u00e8s sur Mer<\/h2>\n\n\n\n<p class=\"ls-paragraph has-text-align-left\">Tijdens je verblijf in een tent of caravan op de camping bij Argel\u00e8s-sur-mer, de populairste badplaats van Frankrijk, geniet je <strong>van het strand<\/strong>, het verwarmde familiezwembad en boottochten waar je in juli en augustus misschien wel een dolfijn ziet!<\/p>\n\n\n\n<p class=\"ls-paragraph has-text-align-left\">Bezoek  <strong>5-sterren familiecamping in de buurt van Argel\u00e8s<\/strong>we hebben meer dan  <strong>400 staanplaatsen<\/strong>  aan zee in Saint Cyprien, gereserveerd voor puur kamperen voor uw kampeervakantie, zodat u kunt genieten van het plezier van traditioneel kamperen in de natuur en van de regio Argeles sur mer.<\/p>\n\n\n\n<p class=\"ls-paragraph has-text-align-left\">Tijdens je caravanvakantie in de buurt van de badplaats Argel\u00e8s-sur-mer, tegen de beste prijs, in een 5-sterrenaccommodatie,  <strong>met z&#8217;n twee\u00ebn, met vrienden of familie<\/strong>Profiteer van het buitenzwembad, het verwarmde zwembad, de animatie, de kinderclub, de kinderspelletjes, de broodjeszaak, de thema-avonden en alle andere faciliteiten van Cala Gogo.<\/p>\n<\/div>\n\n\n\n<div class=\"wp-block-column m-l-4 is-layout-flow wp-block-column-is-layout-flow\">\n<h2 class=\"ls__heading wp-block-heading\">Bekijk ons aanbod aan staanplaatsen<\/h2>\n\n\n\n<p class=\"ls-paragraph\">Ontdek onze verschillende kampeerplaatsmodellen in Argeles sur Mer.<\/p>\n\n\n\n<ul class=\"ls-list wp-block-list\">\n\n<li>Kampeerplaats bij Argel\u00e8s in standaardpakket.<\/li>\n\n\n<li>Camping op 15 minuten van Argel\u00e8s vacances in een zeer comfortabel pakket.<\/li>\n\n\n<li>Sinds de zomer van 2019 heeft Cala Gogo extra Grand Confort staanplaatsen direct naast de strandopgang. Altijd meer, om onze kampeervrienden tevreden te stellen.<\/li>\n\n<\/ul>\n\n\n\n<p class=\"ls-paragraph\">Je kunt de receptie van de Camping bij Argeles bellen voor meer informatie over ons aanbod aan staanplaatsen voor caravans.<\/p>\n\n\n\n<p class=\"ls-paragraph\">Je kunt ook profiteren van onze <a href=\"https:\/\/www.camping-le-calagogo.fr\/nl\/camping-acsi-saint-cyprien\/\" data-type=\"page\" data-id=\"118\">ACSI<\/a>, <a href=\"https:\/\/www.camping-le-calagogo.fr\/nl\/camping-anwb-saint-cyprien\/\" data-type=\"page\" data-id=\"126\">ANWB<\/a> en <a href=\"https:\/\/www.camping-le-calagogo.fr\/nl\/camping-adac-saint-cyprien\/\" data-type=\"page\" data-id=\"122\">ADAC<\/a> kaarten.<\/p>\n<\/div>\n<\/div>\n\n\r\n    <\/div>\r\n<\/section>\n\n<section id=\"ls-section-block_fdf903a1101c5c409b5cdff843834509\" class=\"ls-section  page-maillage has-p-b p-b-14\" >\r\n        <div class=\"container container--wide\">\r\n        \n\n<div id=\"ls-heading ls-titre-div-block_e312b7ae9a1508d5d9ae2bc549222aae\" class=\"ls-titre-div m-left h2-like\" >\n    Lees meer over onze accommodatie, <\/br>diensten en prijzen!<\/div>\n\n\n<div id=\"ls-maillage-block_5c360d94c077e148ed75009325fd4acc\" class=\"ls-maillage cta-style-normal\" data-rows=\"3\">\n    <div class=\"wp-block-columns  \"><div class=\"wp-block-column\"><div id=\"destinations\" class=\"ls-cta\">\n\n<a href=\"https:\/\/www.camping-le-calagogo.fr\/nl\/camping-diensten-pyrenees-orientales\/\" target=\"\" rel=\"noopener\" class=\"ls-cta__link\">\n\n\t<div class=\"ls-cta__image\"><img decoding=\"async\" src=\"https:\/\/www.camping-le-calagogo.fr\/wp-content\/uploads\/2023\/12\/epicerie-languedoc.webp\" alt=\"\"><\/div>\n\t<div class=\"ls-cta__title\">\n\t\tDiensten en winkels\t<\/div>\n\t\n\t\t\n<\/a><\/div><\/div><div class=\"wp-block-column\"><div id=\"destinations\" class=\"ls-cta\">\n\n<a href=\"https:\/\/www.camping-le-calagogo.fr\/nl\/locatie-stacaravans-languedoc-roussillon\/\" target=\"\" rel=\"noopener\" class=\"ls-cta__link\">\n\n\t<div class=\"ls-cta__image\"><img decoding=\"async\" src=\"https:\/\/www.camping-le-calagogo.fr\/wp-content\/uploads\/2023\/12\/sejour-mobil-home-pyrenees-orientales.webp\" alt=\"\"><\/div>\n\t<div class=\"ls-cta__title\">\n\t\tStacaravans\t<\/div>\n\t\n\t\t\n<\/a><\/div><\/div><div class=\"wp-block-column\"><div id=\"destinations\" class=\"ls-cta\">\n\n<a href=\"https:\/\/www.camping-le-calagogo.fr\/nl\/goedkoop-kamperen-languedoc-roussillon\/\" target=\"\" rel=\"noopener\" class=\"ls-cta__link\">\n\n\t<div class=\"ls-cta__image\"><img decoding=\"async\" src=\"https:\/\/www.camping-le-calagogo.fr\/wp-content\/uploads\/2023\/12\/camping-reception.webp\" alt=\"\"><\/div>\n\t<div class=\"ls-cta__title\">\n\t\tTarieven\t<\/div>\n\t\n\t\t\n<\/a><\/div><\/div><\/div><\/div>\n\r\n    <\/div>\r\n<\/section>","protected":false},"excerpt":{"rendered":"","protected":false},"author":1,"featured_media":2630350,"parent":2708662,"menu_order":0,"comment_status":"closed","ping_status":"closed","template":"","meta":{"_acf_changed":false,"_seopress_robots_primary_cat":"","_seopress_titles_title":"Kampeerplaatsen voor tenten Saint-Cyprien - Caravaning op Camping Cala Gogo","_seopress_titles_desc":"Meer informatie over staanplaatsen voor 2 personen op Camping Cala Gogo in Saint Cyprien","_seopress_robots_index":"","inline_featured_image":false,"footnotes":""},"sujet":[],"class_list":["post-2708442","page","type-page","status-publish","has-post-thumbnail","hentry"],"acf":[],"_links":{"self":[{"href":"https:\/\/www.camping-le-calagogo.fr\/nl\/wp-json\/wp\/v2\/pages\/2708442","targetHints":{"allow":["GET"]}}],"collection":[{"href":"https:\/\/www.camping-le-calagogo.fr\/nl\/wp-json\/wp\/v2\/pages"}],"about":[{"href":"https:\/\/www.camping-le-calagogo.fr\/nl\/wp-json\/wp\/v2\/types\/page"}],"author":[{"embeddable":true,"href":"https:\/\/www.camping-le-calagogo.fr\/nl\/wp-json\/wp\/v2\/users\/1"}],"replies":[{"embeddable":true,"href":"https:\/\/www.camping-le-calagogo.fr\/nl\/wp-json\/wp\/v2\/comments?post=2708442"}],"version-history":[{"count":17,"href":"https:\/\/www.camping-le-calagogo.fr\/nl\/wp-json\/wp\/v2\/pages\/2708442\/revisions"}],"predecessor-version":[{"id":2845813,"href":"https:\/\/www.camping-le-calagogo.fr\/nl\/wp-json\/wp\/v2\/pages\/2708442\/revisions\/2845813"}],"up":[{"embeddable":true,"href":"https:\/\/www.camping-le-calagogo.fr\/nl\/wp-json\/wp\/v2\/pages\/2708662"}],"wp:featuredmedia":[{"embeddable":true,"href":"https:\/\/www.camping-le-calagogo.fr\/nl\/wp-json\/wp\/v2\/media\/2630350"}],"wp:attachment":[{"href":"https:\/\/www.camping-le-calagogo.fr\/nl\/wp-json\/wp\/v2\/media?parent=2708442"}],"wp:term":[{"taxonomy":"sujet","embeddable":true,"href":"https:\/\/www.camping-le-calagogo.fr\/nl\/wp-json\/wp\/v2\/sujet?post=2708442"}],"curies":[{"name":"wp","href":"https:\/\/api.w.org\/{rel}","templated":true}]}}