{"id":2708491,"date":"2023-10-18T09:41:55","date_gmt":"2023-10-18T07:41:55","guid":{"rendered":"https:\/\/www.camping-le-calagogo.fr\/pas-cher-2\/"},"modified":"2024-03-21T08:59:46","modified_gmt":"2024-03-21T07:59:46","slug":"pas-cher","status":"publish","type":"page","link":"https:\/\/www.camping-le-calagogo.fr\/nl\/camping-port-barcares\/pas-cher\/","title":{"rendered":"Goedkope camping Barcar\u00e8s"},"content":{"rendered":"<section id=\"ls-section-block_f5a83ec3d9cd08e43df8d30f8fd54389\" class=\"ls-section  page-chapeau deco has-p-b p-b-4\" >\r\n        <div class=\"container \">\r\n        \n\n<h1 class=\"ls__heading wp-block-heading has-text-align-center\">Goedkoop kamperen in Port Barcar\u00e8s<br\/><strong>in de Pyr\u00e9n\u00e9es-Orientales<\/strong><\/h1>\n\n\n\n<p class=\"ls-paragraph has-text-align-center\">Geniet van een heerlijke vakantie met familie en vrienden op de <a href=\"https:\/\/www.camping-le-calagogo.fr\/nl\/\" data-type=\"page\" data-id=\"9\">vijfsterren Camping Le Cala Gogo<\/a>. Het etablissement verwelkomt je aan de Middellandse Zeekust, op een half uur van Port Barcar\u00e8s.<\/p>\n\n\r\n    <\/div>\r\n<\/section><section id=\"ls-section-block_4e12ba710524cd93374f73e4b47d8921\" class=\"ls-section  page-one has-p-t p-t-0 has-p-b p-b-14\" >\r\n        <div class=\"container container--wide\">\r\n        \n\n<div class=\"wp-block-columns is-layout-flex wp-container-core-columns-is-layout-9d6595d7 wp-block-columns-is-layout-flex\">\n<div class=\"wp-block-column is-vertically-aligned-center first is-layout-flow wp-block-column-is-layout-flow\" style=\"flex-basis:66.7%\">\n<figure class=\"wp-block-image size-full\"><img decoding=\"async\" width=\"1920\" height=\"1200\" src=\"https:\/\/www.camping-le-calagogo.fr\/wp-content\/uploads\/2023\/11\/vacances-port-barcares.webp.webp\" alt=\"vakantie port barcares\" class=\"wp-image-2629343\" srcset=\"https:\/\/www.camping-le-calagogo.fr\/wp-content\/uploads\/2023\/11\/vacances-port-barcares.webp.webp 1920w, https:\/\/www.camping-le-calagogo.fr\/wp-content\/uploads\/2023\/11\/vacances-port-barcares.webp-300x188.webp 300w, https:\/\/www.camping-le-calagogo.fr\/wp-content\/uploads\/2023\/11\/vacances-port-barcares.webp-1024x640.webp 1024w, https:\/\/www.camping-le-calagogo.fr\/wp-content\/uploads\/2023\/11\/vacances-port-barcares.webp-768x480.webp 768w, https:\/\/www.camping-le-calagogo.fr\/wp-content\/uploads\/2023\/11\/vacances-port-barcares.webp-1536x960.webp 1536w\" sizes=\"(max-width: 1920px) 100vw, 1920px\" \/><\/figure>\n<\/div>\n\n\n\n<div class=\"wp-block-column is-vertically-aligned-center second is-layout-flow wp-block-column-is-layout-flow\" style=\"flex-basis:33.3%\">\n<h2 class=\"ls__heading wp-block-heading\">Goedkope accommodatie in Port Barcar\u00e8s<\/h2>\n\n\n\n<p class=\"ls-paragraph\">Voor een kampeervakantie met het hele gezin in Zuid-Frankrijk kun je kiezen uit verschillende comfortabele, goed uitgeruste accommodaties. Dit zijn <a href=\"https:\/\/www.camping-le-calagogo.fr\/nl\/camping-port-barcares\/stacaravan-perpignan\/\" data-type=\"page\" data-id=\"2309\">stacaravans in Port Barcar\u00e8s<\/a> met \u00e9\u00e9n tot vier slaapkamers voor twee tot acht personen.<\/p>\n\n\n\n<p class=\"ls-paragraph addReadMore showlesscontent\">Ze hebben allemaal airconditioning en een overdekt terras.<\/p>\n\n\n\n<ul class=\"ls-list wp-block-list\">\n<li>Stacaravan Rivesaltes 1 slaapkamer (19.5 m\u00b2) : 2-3 personen<\/li>\n\n\n\n<li>Mobil-home Caramany 2 slaapkamers (25 m\u00b2) : 4 personen met baby<\/li>\n\n\n\n<li>Mobile-home PMR (35 m\u00b2): 4 slaapplaatsen met baby<\/li>\n\n\n\n<li>Mobile-home Banyuls 2 slaapkamers en 2 badkamers (32 m\u00b2) : 4 personen met baby<\/li>\n\n\n\n<li>Mobile-home Muscat 3 slaapkamers en 2 badkamers (37 m\u00b2) : 6 personen met baby<\/li>\n\n\n\n<li>Mobil-home Paulilles 2 slaapkamers (27 m\u00b2) : 5 personen met baby<\/li>\n\n\n\n<li>Mobil-home Collioure 3 slaapkamers (34 m\u00b2) : 6 personen met baby<\/li>\n\n\n\n<li>Stacaravan Maury 4 slaapkamers en 2 badkamers (41 m\u00b2) : 7-8 personen<\/li>\n\n\n\n<li>Stacaravan Rivesaltes 1 slaapkamer voor 2-3 personen met overdekt terras<\/li>\n<\/ul>\n<\/div>\n<\/div>\n\n\r\n    <\/div>\r\n<\/section><section id=\"ls-section-block_d9f83763fbada14d22c324d7cf25d3de\" class=\"ls-section  page-two mosaique has-background has-color-4-background-color has-p-t p-t-14 has-p-b p-b-14\" >\r\n        <div class=\"container container--wide\">\r\n        \n\n<div class=\"wp-block-columns is-layout-flex wp-container-core-columns-is-layout-9d6595d7 wp-block-columns-is-layout-flex\">\n<div class=\"wp-block-column is-vertically-aligned-center is-layout-flow wp-block-column-is-layout-flow\">\n<p class=\"ls-paragraph\">Vakantiegangers kunnen ook besparen op hun vakantiekosten dankzij de verschillende kortingen die <strong>goedkope Camping Port Barcar\u00e8s<\/strong> biedt.  <\/p>\n\n\n\n<p class=\"ls-paragraph\">Als je bijvoorbeeld een verblijf van vier of drie weken boekt, zijn de laatste zeven dagen gratis &#8211; dat zijn<strong> kortingen van<\/strong> respectievelijk<strong> -30%<\/strong> (verblijf van 28 dagen) <strong>en -20% <\/strong>(verblijf van 21 dagen).<\/p>\n\n\n\n<p class=\"ls-paragraph has-text-align-left\">Er zijn ook enkele aantrekkelijke aanbiedingen op staanplaatsen. Het etablissement biedt twee pakketten aan:<\/p>\n\n\n\n<p class=\"ls-paragraph\">Met het <strong>&#8220;standaard&#8221; pakket<\/strong> heb je recht op een staanplaats voor twee personen en \u00e9\u00e9n auto. De standplaats heeft een elektrische aansluiting van 10 amp\u00e8re en is toegankelijk voor mensen met beperkte mobiliteit.<\/p>\n\n\n\n<p class=\"ls-paragraph\">Met het <strong>&#8220;comfort&#8221;-pakket<\/strong> kun je een kampeerplaats met dezelfde capaciteit en een elektriciteitsaansluiting van 10 amp\u00e8re reserveren. Maar het perceel zal ook een wateraansluiting en een drainagesysteem hebben.<\/p>\n<\/div>\n\n\n\n<div class=\"wp-block-column is-vertically-aligned-center is-layout-flow wp-block-column-is-layout-flow\">\n<figure class=\"wp-block-image size-full\"><img decoding=\"async\" width=\"1800\" height=\"1200\" src=\"https:\/\/www.camping-le-calagogo.fr\/wp-content\/uploads\/2023\/12\/louer-mobil-home-saint-cyprien.webp\" alt=\"huur goedkope stacaravan port barcares\" class=\"wp-image-2630239\" srcset=\"https:\/\/www.camping-le-calagogo.fr\/wp-content\/uploads\/2023\/12\/louer-mobil-home-saint-cyprien.webp 1800w, https:\/\/www.camping-le-calagogo.fr\/wp-content\/uploads\/2023\/12\/louer-mobil-home-saint-cyprien-300x200.webp 300w, https:\/\/www.camping-le-calagogo.fr\/wp-content\/uploads\/2023\/12\/louer-mobil-home-saint-cyprien-1024x683.webp 1024w, https:\/\/www.camping-le-calagogo.fr\/wp-content\/uploads\/2023\/12\/louer-mobil-home-saint-cyprien-768x512.webp 768w, https:\/\/www.camping-le-calagogo.fr\/wp-content\/uploads\/2023\/12\/louer-mobil-home-saint-cyprien-1536x1024.webp 1536w\" sizes=\"(max-width: 1800px) 100vw, 1800px\" \/><\/figure>\n<\/div>\n<\/div>\n\n\r\n    <\/div>\r\n<\/section><section id=\"ls-section-block_c135f09bd68c0de34d34d641d18e57b3\" class=\"ls-section  has-p-t p-t-14 has-p-b p-b-14\" >\r\n        <div class=\"container container--wide\">\r\n        \n\n<div class=\"wp-block-columns is-layout-flex wp-container-core-columns-is-layout-9d6595d7 wp-block-columns-is-layout-flex\">\n<div class=\"wp-block-column is-layout-flow wp-block-column-is-layout-flow\">\n<h2 class=\"ls__heading wp-block-heading\">Camping Port Barcar\u00e8s direct aan zee<\/h2>\n\n\n\n<p class=\"ls-paragraph\">Verwen jezelf en geniet optimaal van een vakantie aan zee. Deel deze ervaring met familie of vrienden die je misschien niet hebt kunnen zien tijdens de opsluiting.<\/p>\n\n\n\n<p class=\"ls-paragraph\"><a href=\"https:\/\/www.camping-le-calagogo.fr\/nl\/camping-port-barcares\/\" data-type=\"page\" data-id=\"2144\">Camping Port Barcares<\/a> Le Cala Gogo is een uitstekende keuze voor dit uitje in de Pyr\u00e9n\u00e9es-Orientales, niet in de laatste plaats omdat het directe toegang biedt tot de Middellandse Zee. Vanaf <strong>Camping Port Barcar\u00e8s pas cher<\/strong> kun je gemakkelijk naar het strand via een lange houten loopbrug die eruitziet als een promenade in Nice.<\/p>\n\n\n\n<p class=\"ls-paragraph\">In juli en augustus is er toezicht op de stranden. Zo kun je in alle rust plezier maken met je kinderen. Er is ook een strand voor naturisten op een paar honderd meter van <a href=\"https:\/\/www.camping-le-calagogo.fr\/nl\/camping-port-barcares\/bord-de-mer\/\" data-type=\"page\" data-id=\"49\">Camping Port Barcar\u00e8s bord de mer<\/a>.<\/p>\n<\/div>\n\n\n\n<div class=\"wp-block-column is-layout-flow wp-block-column-is-layout-flow\">\n<h2 class=\"ls__heading wp-block-heading\">Profiteer van de beste aanbiedingen en promoties<\/h2>\n\n\n\n<p class=\"ls-paragraph\">Dankzij de aanbiedingen en promoties van de Camping kun je genieten van een <strong>heerlijke vakantie aan zee<\/strong> zonder dat het veel geld kost. De verschillende kortingen gelden zowel voor stacaravans als voor kampeerplaatsen, in het bijzonder onze <strong>&#8220;Zee &#8211; Zon<\/strong>&#8221; korting. Aarzel niet om contact met ons op te nemen voor meer informatie.<\/p>\n\n\n\n<ul class=\"ls-list wp-block-list\">\n<li><strong>Bespaar 30% <\/strong>: 4 weken = 3 weken gekocht + 1 gratis<\/li>\n\n\n\n<li><strong>Boek 3 weken<\/strong> = 2 weken gekocht + 1 gratis! 20% korting<\/li>\n<\/ul>\n\n\n\n<p class=\"ls-paragraph has-text-align-left\"><em>Geldig in mei, juni en september<\/em> &#8211; <em>Aanbieding niet geldig in combinatie met andere<\/em> aanbiedingen<\/p>\n<\/div>\n<\/div>\n\n\r\n    <\/div>\r\n<\/section><section id=\"ls-section-block_af6b379ce342df72357cad469ea35678\" class=\"ls-section  page-maillage has-p-b p-b-14\" >\r\n        <div class=\"container container--wide\">\r\n        \n\n<div id=\"ls-heading ls-titre-div-block_e0f617bc38e7a3417fd8636388c8332f\" class=\"ls-titre-div m-left h2-like\" >\n    Campings en stacaravans <\/br>in Port Barcar\u00e8s<\/div>\n\n\n<div id=\"ls-maillage-block_94343eca534e0ffc38e4dd77fbf09a1c\" class=\"ls-maillage cta-style-normal\" data-rows=\"3\">\n    <div class=\"wp-block-columns  \"><div class=\"wp-block-column\"><div id=\"destinations\" class=\"ls-cta\">\n\n<a href=\"https:\/\/www.camping-le-calagogo.fr\/nl\/camping-port-barcares\/bord-de-mer\/\" target=\"\" rel=\"noopener\" class=\"ls-cta__link\">\n\n\t<div class=\"ls-cta__image\"><img decoding=\"async\" src=\"https:\/\/www.camping-le-calagogo.fr\/wp-content\/uploads\/2023\/12\/decouvrir-port-barcares.webp\" alt=\"\"><\/div>\n\t<div class=\"ls-cta__title\">\n\t\tHaven aan zee Barcar\u00e8s\t<\/div>\n\t\n\t\t\n<\/a><\/div><\/div><div class=\"wp-block-column\"><div id=\"destinations\" class=\"ls-cta\">\n\n<a href=\"https:\/\/www.camping-le-calagogo.fr\/nl\/camping-port-barcares\/\" target=\"\" rel=\"noopener\" class=\"ls-cta__link\">\n\n\t<div class=\"ls-cta__image\"><img decoding=\"async\" src=\"https:\/\/www.camping-le-calagogo.fr\/wp-content\/uploads\/2023\/12\/louer-hebergement-perpignan.webp\" alt=\"\"><\/div>\n\t<div class=\"ls-cta__title\">\n\t\tCamping Barcar\u00e8s\t<\/div>\n\t\n\t\t\n<\/a><\/div><\/div><div class=\"wp-block-column\"><div id=\"destinations\" class=\"ls-cta\">\n\n<a href=\"https:\/\/www.camping-le-calagogo.fr\/nl\/camping-port-barcares\/stacaravan-perpignan\/\" target=\"\" rel=\"noopener\" class=\"ls-cta__link\">\n\n\t<div class=\"ls-cta__image\"><img decoding=\"async\" src=\"https:\/\/www.camping-le-calagogo.fr\/wp-content\/uploads\/2023\/12\/vacances-port-barcares.webp.webp\" alt=\"\"><\/div>\n\t<div class=\"ls-cta__title\">\n\t\tStacaravans Port Barcar\u00e8s\t<\/div>\n\t\n\t\t\n<\/a><\/div><\/div><\/div><\/div>\n\r\n    <\/div>\r\n<\/section>","protected":false},"excerpt":{"rendered":"","protected":false},"author":1,"featured_media":2630367,"parent":2708592,"menu_order":0,"comment_status":"closed","ping_status":"closed","template":"","meta":{"_acf_changed":false,"_seopress_robots_primary_cat":"","_seopress_titles_title":"Camping Port Barcar\u00e8s goedkoop | Promotie kampeervakantie in Barcar\u00e8s","_seopress_titles_desc":"","_seopress_robots_index":"","inline_featured_image":false,"footnotes":""},"sujet":[],"class_list":["post-2708491","page","type-page","status-publish","has-post-thumbnail","hentry"],"acf":[],"_links":{"self":[{"href":"https:\/\/www.camping-le-calagogo.fr\/nl\/wp-json\/wp\/v2\/pages\/2708491","targetHints":{"allow":["GET"]}}],"collection":[{"href":"https:\/\/www.camping-le-calagogo.fr\/nl\/wp-json\/wp\/v2\/pages"}],"about":[{"href":"https:\/\/www.camping-le-calagogo.fr\/nl\/wp-json\/wp\/v2\/types\/page"}],"author":[{"embeddable":true,"href":"https:\/\/www.camping-le-calagogo.fr\/nl\/wp-json\/wp\/v2\/users\/1"}],"replies":[{"embeddable":true,"href":"https:\/\/www.camping-le-calagogo.fr\/nl\/wp-json\/wp\/v2\/comments?post=2708491"}],"version-history":[{"count":9,"href":"https:\/\/www.camping-le-calagogo.fr\/nl\/wp-json\/wp\/v2\/pages\/2708491\/revisions"}],"predecessor-version":[{"id":2832381,"href":"https:\/\/www.camping-le-calagogo.fr\/nl\/wp-json\/wp\/v2\/pages\/2708491\/revisions\/2832381"}],"up":[{"embeddable":true,"href":"https:\/\/www.camping-le-calagogo.fr\/nl\/wp-json\/wp\/v2\/pages\/2708592"}],"wp:featuredmedia":[{"embeddable":true,"href":"https:\/\/www.camping-le-calagogo.fr\/nl\/wp-json\/wp\/v2\/media\/2630367"}],"wp:attachment":[{"href":"https:\/\/www.camping-le-calagogo.fr\/nl\/wp-json\/wp\/v2\/media?parent=2708491"}],"wp:term":[{"taxonomy":"sujet","embeddable":true,"href":"https:\/\/www.camping-le-calagogo.fr\/nl\/wp-json\/wp\/v2\/sujet?post=2708491"}],"curies":[{"name":"wp","href":"https:\/\/api.w.org\/{rel}","templated":true}]}}