{"id":2708525,"date":"2023-10-18T09:47:40","date_gmt":"2023-10-18T07:47:40","guid":{"rendered":"https:\/\/www.camping-le-calagogo.fr\/toerisme-pyrenees-orientales\/"},"modified":"2024-03-21T08:59:55","modified_gmt":"2024-03-21T07:59:55","slug":"toerisme-pyrenees-orientales","status":"publish","type":"page","link":"https:\/\/www.camping-le-calagogo.fr\/nl\/toerisme-pyrenees-orientales\/","title":{"rendered":"Omliggende steden"},"content":{"rendered":"<section id=\"ls-section-block_7e50cba04ee4ced6329f28228f3e6afa\" class=\"ls-section  page-chapeau has-p-b p-b-4\" >\r\n        <div class=\"container \">\r\n        \n\n<h1 class=\"ls__heading wp-block-heading has-text-align-center deco\">Toerisme in <br\/><strong>Pyr\u00e9n\u00e9es-Orientales<\/strong><\/h1>\n\n\r\n    <\/div>\r\n<\/section><section id=\"ls-section-block_11b3ebf95b1813f42beb066e1b28e255\" class=\"ls-section  page-one has-p-t p-t-0 has-p-b p-b-14\" >\r\n        <div class=\"container container--wide\">\r\n        \n\n<div class=\"wp-block-columns is-layout-flex wp-container-core-columns-is-layout-9d6595d7 wp-block-columns-is-layout-flex\">\n<div class=\"wp-block-column is-vertically-aligned-center first is-layout-flow wp-block-column-is-layout-flow\" style=\"flex-basis:66.7%\">\n<figure class=\"wp-block-image size-full\"><img decoding=\"async\" width=\"1920\" height=\"1152\" src=\"https:\/\/www.camping-le-calagogo.fr\/wp-content\/uploads\/2023\/12\/tourisme-pyrenees-orientales.webp\" alt=\"toerisme pyrenee&#xEB;n orientales\" class=\"wp-image-2629600\" srcset=\"https:\/\/www.camping-le-calagogo.fr\/wp-content\/uploads\/2023\/12\/tourisme-pyrenees-orientales.webp 1920w, https:\/\/www.camping-le-calagogo.fr\/wp-content\/uploads\/2023\/12\/tourisme-pyrenees-orientales-300x180.webp 300w, https:\/\/www.camping-le-calagogo.fr\/wp-content\/uploads\/2023\/12\/tourisme-pyrenees-orientales-1024x614.webp 1024w, https:\/\/www.camping-le-calagogo.fr\/wp-content\/uploads\/2023\/12\/tourisme-pyrenees-orientales-768x461.webp 768w, https:\/\/www.camping-le-calagogo.fr\/wp-content\/uploads\/2023\/12\/tourisme-pyrenees-orientales-1536x922.webp 1536w\" sizes=\"(max-width: 1920px) 100vw, 1920px\" \/><\/figure>\n<\/div>\n\n\n\n<div class=\"wp-block-column is-vertically-aligned-center second is-layout-flow wp-block-column-is-layout-flow\" style=\"flex-basis:33.3%\">\n<h2 class=\"ls__heading wp-block-heading\">Pyr\u00e9n\u00e9es Orientales: een ideale toeristische bestemming<\/h2>\n\n\n\n<p class=\"ls-paragraph\">Het <a href=\"https:\/\/www.tourisme-pyreneesorientales.com\/\" target=\"_blank\" rel=\"noreferrer noopener\">departement Pyr\u00e9n\u00e9es-Orientales<\/a> ligt in het zuiden van Frankrijk en is een veelzijdige plek met een rijke <strong>Catalaanse cultuur<\/strong>. Het biedt een unieke mix van zee en bergen en<strong>een rijk historisch erfgoed<\/strong>, waaronder voormalige bolwerken van de Tempeliers en tijdelijke bezittingen van de koningen van Mallorca.  <\/p>\n\n\n\n<p class=\"ls-paragraph\">Bezoekers kunnen <strong>een verscheidenheid aan uitzonderlijke natuurgebieden<\/strong> ontdekken, levendige badplaatsen, authentieke dorpjes die hun voorouderlijke tradities bewaren en<strong>een subliem architecturaal erfgoed<\/strong>.<\/p>\n<\/div>\n<\/div>\n\n\r\n    <\/div>\r\n<\/section><section id=\"ls-section-block_01a2480b61f426c0a61bed5ea57431b2\" class=\"ls-section  page-two mosaique has-background has-color-4-background-color has-p-t p-t-14 has-p-b p-b-14\" >\r\n        <div class=\"container container--wide\">\r\n        \n\n<div class=\"wp-block-columns is-layout-flex wp-container-core-columns-is-layout-9d6595d7 wp-block-columns-is-layout-flex\">\n<div class=\"wp-block-column is-vertically-aligned-center is-layout-flow wp-block-column-is-layout-flow\">\n<p class=\"ls-paragraph\">Dicht bij de  <strong>Spaanse grens<\/strong>De afdeling biedt een groot aantal mogelijkheden voor  <strong>vrije tijd en activiteiten<\/strong>Deze omvatten watersporten, culturele bezoeken, wandelen, mountainbiken, ontspanning, stadsrecreatie, vrijetijdsactiviteiten en nog veel meer.  <strong>historische ontdekkingen<\/strong>Er zijn ook folkloredemonstraties en natuurlijk proeverijen van lokale producten.<\/p>\n\n\n\n<p class=\"ls-paragraph\"><a href=\"https:\/\/www.camping-le-calagogo.fr\/nl\/\" data-type=\"page\" data-id=\"9\">Kamperen in Saint-Cyprien-Plage<\/a> is een uitstekende manier om te genieten van de voordelen van de zee en alles te ontdekken wat het departement te bieden heeft.<\/p>\n<\/div>\n\n\n\n<div class=\"wp-block-column is-vertically-aligned-center is-layout-flow wp-block-column-is-layout-flow\">\n<figure class=\"wp-block-image size-full\"><img decoding=\"async\" width=\"2560\" height=\"1536\" src=\"https:\/\/www.camping-le-calagogo.fr\/wp-content\/uploads\/2023\/12\/marches-pyrenees-orientales-scaled.webp\" alt=\"oosterse marsen pyrenee&#xEB;n\" class=\"wp-image-2629584\" srcset=\"https:\/\/www.camping-le-calagogo.fr\/wp-content\/uploads\/2023\/12\/marches-pyrenees-orientales-scaled.webp 2560w, https:\/\/www.camping-le-calagogo.fr\/wp-content\/uploads\/2023\/12\/marches-pyrenees-orientales-300x180.webp 300w, https:\/\/www.camping-le-calagogo.fr\/wp-content\/uploads\/2023\/12\/marches-pyrenees-orientales-1024x614.webp 1024w, https:\/\/www.camping-le-calagogo.fr\/wp-content\/uploads\/2023\/12\/marches-pyrenees-orientales-768x461.webp 768w, https:\/\/www.camping-le-calagogo.fr\/wp-content\/uploads\/2023\/12\/marches-pyrenees-orientales-1536x921.webp 1536w, https:\/\/www.camping-le-calagogo.fr\/wp-content\/uploads\/2023\/12\/marches-pyrenees-orientales-2048x1228.webp 2048w\" sizes=\"(max-width: 2560px) 100vw, 2560px\" \/><\/figure>\n<\/div>\n<\/div>\n\n\r\n    <\/div>\r\n<\/section><section id=\"ls-section-block_c4e9f76cfc455e1c0b6c3bcacfb6bee5\" class=\"ls-section  section-parallax has-background-image has-parallax has-background has-color-black-background-color has-p-t p-t-30 has-p-b p-b-0\" >\r\n    <div class=\"ls-section__background-image opacity-58\"><img decoding=\"async\" src=\"https:\/\/www.camping-le-calagogo.fr\/wp-content\/uploads\/2023\/12\/sport-nautique-pyrenees-orientales-scaled.webp\" alt=\"\"><\/div>    <div class=\"container container--wide\">\r\n        \n\n<div class=\"wp-block-columns has-color-white-background-color has-background is-layout-flex wp-container-core-columns-is-layout-9d6595d7 wp-block-columns-is-layout-flex\">\n<div class=\"wp-block-column is-layout-flow wp-block-column-is-layout-flow\">\n<h2 class=\"ls__heading wp-block-heading has-text-align-center\">Wat te doen in de Pyrenee\u00ebn : Sport en activiteiten<\/h2>\n\n\n\n<p class=\"ls-paragraph has-text-align-center\">Of het nu aan de kust is of in het binnenland, de <strong>Catalaanse regio<\/strong> biedt <strong>bezoekers<\/strong> een breed scala aan <strong>vrijetijdsactiviteiten<\/strong>. Door de vele zonuren is de regio ideaal voor <strong>watersport en waterrecreatie:<\/strong> de Catalaanse kust is bezaaid met beroemde badplaatsen zoals <a href=\"https:\/\/www.camping-le-calagogo.fr\/nl\/camping-argeles-sur-mer\/\" data-type=\"page\" data-id=\"2272\">Argel\u00e8s-sur-Mer<\/a>, Saint-Cyprien, Sainte Marie de la Mer, Port Vendres, <a href=\"https:\/\/www.camping-le-calagogo.fr\/actu-camping-saint-cyprien\/les-incontournables-de-banyuls-sur-mer\/\" data-type=\"post\" data-id=\"2707361\">Banyuls-sur-Mer<\/a> en <a href=\"https:\/\/www.camping-le-calagogo.fr\/nl\/camping-port-barcares\/\" data-type=\"page\" data-id=\"2144\">Port-Barcar\u00e8s<\/a>. Bootverhuur, zeevissen, duiken, snorkelen, zeilen, jetski\u00ebn, wakeboarden, kajakken of boeien trekken &#8211; er is een <strong>lange<\/strong> lijst met dingen die je aan zee kunt doen!<\/p>\n\n\n\n<p class=\"ls-paragraph has-text-align-center\">Ideaal voor <strong>gezinnen<\/strong> is de zeetocht op een boot met glazen bodem om <strong>de rijke kustwateren<\/strong> en fijne zandstranden te ontdekken. Veel strandclubs bieden activiteiten voor alle generaties, zoals paddleboarden en inleidende zeilcursussen, maar ook spannende activiteiten zoals parasailing en boeien slepen.<\/p>\n\n\n\n<p class=\"ls-paragraph has-text-align-center\"><strong>Snorkelaars<\/strong> kunnen het onderwaterpad Cerb\u00e8re-Banyuls volgen.<\/p>\n\n\n\n<p class=\"ls-paragraph has-text-align-center addReadMore showlesscontent [08:23]\">Le 66 is ook een departement dat <strong>gemakkelijk per fiets<\/strong> te ontdekken is: met de V\u00e9littorale en de V\u00e9loroute en pays Pyr\u00e9n\u00e9es M\u00e9diterran\u00e9e (fietsroutes in de mediterrane Pyrenee\u00ebn) kun je respectievelijk <strong>de kust en het achterland verkennen<\/strong>.<\/p>\n\n\n\n<p class=\"ls-paragraph has-text-align-center\">De regio beschikt ook over talloze mountainbikeroutes, waaronder het Alb\u00e8res-massief en de Pic du Canigou, evenals veel van de regionale natuurparken van de regio Occitanie. Tijdens je <strong>verblijf in de Pyr\u00e9n\u00e9es-Orientales<\/strong> kun je ook profiteren van een breed scala aan evenementen: lokale markten en nachtmarkten, grote festivals zoals Les D\u00e9ferlantes d&#8217;Argel\u00e8s en typisch Catalaanse festivals. Je kunt ook de vele gebouwen aan de Middellandse Zeekust ontdekken die op de Werelderfgoedlijst van UNESCO staan.<\/p>\n<\/div>\n<\/div>\n\n\r\n    <\/div>\r\n<\/section><section id=\"ls-section-block_4f8ee7566daadc3935e4de9bac2b5d0a\" class=\"ls-section  page-one has-p-b p-b-14\" >\r\n        <div class=\"container container--wide\">\r\n        \n\n<div class=\"wp-block-columns is-layout-flex wp-container-core-columns-is-layout-9d6595d7 wp-block-columns-is-layout-flex\">\n<div class=\"wp-block-column is-vertically-aligned-center first is-layout-flow wp-block-column-is-layout-flow\" style=\"flex-basis:66.7%\">\n<figure class=\"wp-block-image size-full\"><img decoding=\"async\" width=\"2560\" height=\"1536\" src=\"https:\/\/www.camping-le-calagogo.fr\/wp-content\/uploads\/2023\/12\/decouvrir-pyrenees-orientales-scaled.webp\" alt=\"ontdek de oostelijke pyrenee&#xEB;n\" class=\"wp-image-2629570\" srcset=\"https:\/\/www.camping-le-calagogo.fr\/wp-content\/uploads\/2023\/12\/decouvrir-pyrenees-orientales-scaled.webp 2560w, https:\/\/www.camping-le-calagogo.fr\/wp-content\/uploads\/2023\/12\/decouvrir-pyrenees-orientales-300x180.webp 300w, https:\/\/www.camping-le-calagogo.fr\/wp-content\/uploads\/2023\/12\/decouvrir-pyrenees-orientales-1024x614.webp 1024w, https:\/\/www.camping-le-calagogo.fr\/wp-content\/uploads\/2023\/12\/decouvrir-pyrenees-orientales-768x461.webp 768w, https:\/\/www.camping-le-calagogo.fr\/wp-content\/uploads\/2023\/12\/decouvrir-pyrenees-orientales-1536x922.webp 1536w, https:\/\/www.camping-le-calagogo.fr\/wp-content\/uploads\/2023\/12\/decouvrir-pyrenees-orientales-2048x1229.webp 2048w\" sizes=\"(max-width: 2560px) 100vw, 2560px\" \/><\/figure>\n<\/div>\n\n\n\n<div class=\"wp-block-column is-vertically-aligned-center second is-layout-flow wp-block-column-is-layout-flow\" style=\"flex-basis:33.3%\">\n<h2 class=\"ls__heading wp-block-heading\">Een bezoek aan de Pyr\u00e9n\u00e9es-Orientales: bezienswaardigheden<\/h2>\n\n\n\n<p class=\"ls-paragraph\">Van de vele bezienswaardigheden rondom uw <strong>camping in Saint-Cyprien<\/strong> zijn er een paar die u zeker niet mag missen. In <a href=\"https:\/\/www.camping-le-calagogo.fr\/nl\/camping-3\/\" data-type=\"page\" data-id=\"2291\">Perpignan<\/a> mag je het <a href=\"https:\/\/www.camping-le-calagogo.fr\/actu-camping-saint-cyprien\/le-palais-des-rois-de-majorque\/\" data-type=\"post\" data-id=\"2707362\">paleis van de koningen van Mallorca<\/a>, gebouwd in de zuidelijke gotische stijl, en de<strong> monumentale kathedraal Saint-Jean-Baptiste<\/strong>, het grootste religieuze gebouw in de regio, niet missen.<\/p>\n\n\n\n<p class=\"ls-paragraph\">Het koninklijk kasteel van <a href=\"https:\/\/www.camping-le-calagogo.fr\/nl\/camping-collioure\/\" data-type=\"page\" data-id=\"2283\">Collioure<\/a>, de parel van de C\u00f4te Vermeille, biedt een <strong>prachtig panoramisch uitzicht<\/strong> over de hele baai vanaf de loopbrug. De <strong>Pyr\u00e9n\u00e9es-Orientales<\/strong> heeft ook kleine, ongerepte dorpjes zoals <a href=\"https:\/\/www.camping-le-calagogo.fr\/nl\/camping-canet-en-rousillon\/\" data-type=\"page\" data-id=\"664\">Canet en Roussillon<\/a>, <a href=\"https:\/\/www.camping-le-calagogo.fr\/nl\/camping-saint-andre\/\" data-type=\"page\" data-id=\"3070\">Saint-Andr\u00e9<\/a> en <a href=\"https:\/\/www.camping-le-calagogo.fr\/nl\/camping-palau-de-vidre\/\" data-type=\"page\" data-id=\"3171\">Palau-del-Vidre<\/a>, beroemd om zijn <strong>glasblazerij<\/strong>.<\/p>\n<\/div>\n<\/div>\n\n\r\n    <\/div>\r\n<\/section><section id=\"ls-section-block_01a2480b61f426c0a61bed5ea57431b2\" class=\"ls-section  page-two mosaique has-background has-color-4-background-color has-p-t p-t-14 has-p-b p-b-14\" >\r\n        <div class=\"container container--wide\">\r\n        \n\n<div class=\"wp-block-columns is-layout-flex wp-container-core-columns-is-layout-9d6595d7 wp-block-columns-is-layout-flex\">\n<div class=\"wp-block-column is-vertically-aligned-center is-layout-flow wp-block-column-is-layout-flow\">\n<p class=\"ls-paragraph\">Niet ver van Saint-Cyprien ligt de bovenstad<a href=\"https:\/\/www.camping-le-calagogo.fr\/nl\/camping-elne\/\" data-type=\"page\" data-id=\"656\">Elne<\/a> met zijn indrukwekkende kathedraal en marmeren klooster, die getuigen van zijn vroegere status als bisschoppelijke zetel van Roussillon. In het noorden van het departement, tegen de bergen van Corbi\u00e8res, ligt het fort van Salses, een perfect bewaard gebleven <strong>verdedigingswerk<\/strong> dat in de 15\u1d49 eeuw werd gebouwd door de Spaanse katholieke koningen.<\/p>\n\n\n\n<p class=\"ls-paragraph\"><strong>In het departement Aude<\/strong>, op slechts anderhalf uur rijden van Cala Gogo, ligt de bijzondere <strong>ommuurde stad<\/strong> <a href=\"https:\/\/www.camping-le-calagogo.fr\/nl\/camping\/\" data-type=\"page\" data-id=\"2278\">Carcassonne<\/a>. Door te verblijven in de  <strong>Camping Cala-Gogo tussen Saint-Cyprien en Argel\u00e8s-sur-Mer<\/strong>Je kunt ook gemakkelijk naar de Spaanse kant van het land reizen om de  <a href=\"https:\/\/www.camping-le-calagogo.fr\/nl\/camping-costa-brava\/\" data-type=\"page\" data-id=\"672\">Costa Brava<\/a>  Mis de ongewone architectuur van het Dal\u00ed Theater-Museum in Figueres niet, het herkenningspunt van de stad en beschouwd als de laatste in zijn soort in Spanje.  <strong>geweldig werk van de surrealistische kunstenaar<\/strong>.<\/p>\n<\/div>\n\n\n\n<div class=\"wp-block-column is-vertically-aligned-center is-layout-flow wp-block-column-is-layout-flow\">\n<figure class=\"wp-block-image size-full\"><img decoding=\"async\" width=\"1920\" height=\"1152\" src=\"https:\/\/www.camping-le-calagogo.fr\/wp-content\/uploads\/2023\/12\/visiter-carcassonne-pyrenees-orientales.webp\" alt=\"bezoek carcassonne pyrenees orientales\" class=\"wp-image-2629576\" srcset=\"https:\/\/www.camping-le-calagogo.fr\/wp-content\/uploads\/2023\/12\/visiter-carcassonne-pyrenees-orientales.webp 1920w, https:\/\/www.camping-le-calagogo.fr\/wp-content\/uploads\/2023\/12\/visiter-carcassonne-pyrenees-orientales-300x180.webp 300w, https:\/\/www.camping-le-calagogo.fr\/wp-content\/uploads\/2023\/12\/visiter-carcassonne-pyrenees-orientales-1024x614.webp 1024w, https:\/\/www.camping-le-calagogo.fr\/wp-content\/uploads\/2023\/12\/visiter-carcassonne-pyrenees-orientales-768x461.webp 768w, https:\/\/www.camping-le-calagogo.fr\/wp-content\/uploads\/2023\/12\/visiter-carcassonne-pyrenees-orientales-1536x922.webp 1536w\" sizes=\"(max-width: 1920px) 100vw, 1920px\" \/><\/figure>\n<\/div>\n<\/div>\n\n\r\n    <\/div>\r\n<\/section><section id=\"ls-section-block_2da1b80c7099c2d5c80178d6c3316a30\" class=\"ls-section  section-parallax has-background-image has-parallax has-background has-color-black-background-color has-p-t p-t-30 has-p-b p-b-0\" >\r\n    <div class=\"ls-section__background-image opacity-58\"><img decoding=\"async\" src=\"https:\/\/www.camping-le-calagogo.fr\/wp-content\/uploads\/2023\/12\/cyclisme-pyrenees-orientales-scaled.webp\" alt=\"\"><\/div>    <div class=\"container container--wide\">\r\n        \n\n<div id=\"ls-heading ls-titre-div-block_be1ed128b50011dd22741dcdd7e2abcd\" class=\"ls-titre-div m-right aligncenter h1-like\" >\n    Heb je een <em>vraag?<\/em><\/div>\n\n\n\n<div class=\"wp-block-columns has-color-white-background-color has-background is-layout-flex wp-container-core-columns-is-layout-9d6595d7 wp-block-columns-is-layout-flex\">\n<div class=\"wp-block-column is-layout-flow wp-block-column-is-layout-flow\">\n<h2 class=\"ls__heading wp-block-heading has-text-align-center\">Veelgestelde vragen  <br\/>over de omgeving<\/h2>\n\n\n<div id=\"faq\" class=\"faq-container\"><div class=\"faq-wrap\" itemscope=\"\" itemtype=\"https:\/\/schema.org\/FAQPage\"><div class=\"faq__box faq__item\"><div class=\"faq__container\"><div class=\"faq__block\" itemscope=\"\" itemprop=\"mainEntity\" itemtype=\"https:\/\/schema.org\/Question\"><details class=\"faq\"><summary class=\"faq-question\" itemprop=\"name\">Hoe ver ligt de camping van het strand?<span class=\"faq-opener\"><\/span><\/summary><div class=\"content\" itemscope=\"\" itemprop=\"acceptedAnswer\" itemtype=\"https:\/\/schema.org\/Answer\"><div itemprop=\"text\"><p><em><p>De camping heeft een directe toegang tot de zee en er is niets dat ons van het strand scheidt &#8211; dichterbij kan het niet zijn.<\/p>\n<\/em><\/p><\/div><\/div><\/details><\/div><\/div><\/div><div class=\"faq__box faq__item\"><div class=\"faq__container\"><div class=\"faq__block\" itemscope=\"\" itemprop=\"mainEntity\" itemtype=\"https:\/\/schema.org\/Question\"><details class=\"faq\"><summary class=\"faq-question\" itemprop=\"name\">Waar zijn de fietspaden?<span class=\"faq-opener\"><\/span><\/summary><div class=\"content\" itemscope=\"\" itemprop=\"acceptedAnswer\" itemtype=\"https:\/\/schema.org\/Answer\"><div itemprop=\"text\"><p><em><p>Er zijn pistes direct bij de ingang van de Camping en deze strekken zich uit over het hele dorp.<\/p>\n<\/em><\/p><\/div><\/div><\/details><\/div><\/div><\/div><div class=\"faq__box faq__item\"><div class=\"faq__container\"><div class=\"faq__block\" itemscope=\"\" itemprop=\"mainEntity\" itemtype=\"https:\/\/schema.org\/Question\"><details class=\"faq\"><summary class=\"faq-question\" itemprop=\"name\">Waar is het dichtstbijzijnde toeristenbureau?<span class=\"faq-opener\"><\/span><\/summary><div class=\"content\" itemscope=\"\" itemprop=\"acceptedAnswer\" itemtype=\"https:\/\/schema.org\/Answer\"><div itemprop=\"text\"><p><em><p>Het toeristenbureau Saint-Cyprien Plage ligt vlakbij (ca. 2 km).<\/p>\n<\/em><\/p><\/div><\/div><\/details><\/div><\/div><\/div><div class=\"faq__box faq__item\"><div class=\"faq__container\"><div class=\"faq__block\" itemscope=\"\" itemprop=\"mainEntity\" itemtype=\"https:\/\/schema.org\/Question\"><details class=\"faq\"><summary class=\"faq-question\" itemprop=\"name\">Is de camping bereikbaar met het openbaar vervoer?<span class=\"faq-opener\"><\/span><\/summary><div class=\"content\" itemscope=\"\" itemprop=\"acceptedAnswer\" itemtype=\"https:\/\/schema.org\/Answer\"><div itemprop=\"text\"><p><em><p>Ja, er zijn bussen en een treintje (in het seizoen) om je te verplaatsen.<\/p>\n<\/em><\/p><\/div><\/div><\/details><\/div><\/div><\/div><\/div><\/div><\/div>\n<\/div>\n\n\r\n    <\/div>\r\n<\/section><section id=\"ls-section-block_139e0a56ffb92f247db8c6a6d5dc7a63\" class=\"ls-section  page-maillage has-p-b p-b-14\" >\r\n        <div class=\"container container--wide\">\r\n        \n\n<div id=\"ls-heading ls-titre-div-block_057272058b30be7f57d22e4426af373f\" class=\"ls-titre-div m-left h2-like\" >\n    Steden in de <\/br>Pyr\u00e9n\u00e9es-Orientales<\/div>\n\n\n<div id=\"ls-maillage-block_5bdc4c8cb83a10c288b91b86bdfcb98a\" class=\"ls-maillage cta-style-normal\" data-rows=\"5\">\n    <div class=\"wp-block-columns  \"><div class=\"wp-block-column\"><div id=\"destinations\" class=\"ls-cta\">\n\n<a href=\"https:\/\/www.camping-le-calagogo.fr\/nl\/camping-canet-en-rousillon\/\" target=\"\" rel=\"noopener\" class=\"ls-cta__link\">\n\n\t<div class=\"ls-cta__image\"><img decoding=\"async\" src=\"https:\/\/www.camping-le-calagogo.fr\/wp-content\/uploads\/2023\/12\/vacances-canet-en-rousillon.webp\" alt=\"\"><\/div>\n\t<div class=\"ls-cta__title\">\n\t\tCamping in Canet-en-Rousillon\t<\/div>\n\t\n\t\t\n<\/a><\/div><\/div><div class=\"wp-block-column\"><div id=\"destinations\" class=\"ls-cta\">\n\n<a href=\"https:\/\/www.camping-le-calagogo.fr\/nl\/camping-port-barcares\/\" target=\"\" rel=\"noopener\" class=\"ls-cta__link\">\n\n\t<div class=\"ls-cta__image\"><img decoding=\"async\" src=\"https:\/\/www.camping-le-calagogo.fr\/wp-content\/uploads\/2023\/12\/louer-hebergement-perpignan.webp\" alt=\"\"><\/div>\n\t<div class=\"ls-cta__title\">\n\t\tCamping Barcar\u00e8s\t<\/div>\n\t\n\t\t\n<\/a><\/div><\/div><div class=\"wp-block-column\"><div id=\"destinations\" class=\"ls-cta\">\n\n<a href=\"https:\/\/www.camping-le-calagogo.fr\/nl\/camping-costa-brava\/\" target=\"\" rel=\"noopener\" class=\"ls-cta__link\">\n\n\t<div class=\"ls-cta__image\"><img decoding=\"async\" src=\"https:\/\/www.camping-le-calagogo.fr\/wp-content\/uploads\/2023\/12\/Castell-Platja-dAro.-Jordi-Mas.-Arxiu-Imatges-PTCBG.jpg\" alt=\"La cote de la costa brava par Jordi Mas. Arxiu Imatges PTCBG\"><\/div>\n\t<div class=\"ls-cta__title\">\n\t\tCamping La Pin\u00e8de\t<\/div>\n\t\n\t\t\n<\/a><\/div><\/div><div class=\"wp-block-column\"><div id=\"destinations\" class=\"ls-cta\">\n\n<a href=\"https:\/\/www.camping-le-calagogo.fr\/nl\/camping-3\/\" target=\"\" rel=\"noopener\" class=\"ls-cta__link\">\n\n\t<div class=\"ls-cta__image\"><img decoding=\"async\" src=\"https:\/\/www.camping-le-calagogo.fr\/wp-content\/uploads\/2023\/12\/camping-perpignan.webp\" alt=\"\"><\/div>\n\t<div class=\"ls-cta__title\">\n\t\tCamping Les Pialades\t<\/div>\n\t\n\t\t\n<\/a><\/div><\/div><\/div><\/div>\n\r\n    <\/div>\r\n<\/section>","protected":false},"excerpt":{"rendered":"","protected":false},"author":1,"featured_media":2629566,"parent":0,"menu_order":0,"comment_status":"closed","ping_status":"closed","template":"","meta":{"_acf_changed":false,"_seopress_robots_primary_cat":"","_seopress_titles_title":"Toerisme Pyr\u00e9n\u00e9es-Orientales | Wat te zien en te doen in Pyr\u00e9n\u00e9es-Orientales","_seopress_titles_desc":"","_seopress_robots_index":"","inline_featured_image":false,"footnotes":""},"sujet":[],"class_list":["post-2708525","page","type-page","status-publish","has-post-thumbnail","hentry"],"acf":[],"_links":{"self":[{"href":"https:\/\/www.camping-le-calagogo.fr\/nl\/wp-json\/wp\/v2\/pages\/2708525","targetHints":{"allow":["GET"]}}],"collection":[{"href":"https:\/\/www.camping-le-calagogo.fr\/nl\/wp-json\/wp\/v2\/pages"}],"about":[{"href":"https:\/\/www.camping-le-calagogo.fr\/nl\/wp-json\/wp\/v2\/types\/page"}],"author":[{"embeddable":true,"href":"https:\/\/www.camping-le-calagogo.fr\/nl\/wp-json\/wp\/v2\/users\/1"}],"replies":[{"embeddable":true,"href":"https:\/\/www.camping-le-calagogo.fr\/nl\/wp-json\/wp\/v2\/comments?post=2708525"}],"version-history":[{"count":19,"href":"https:\/\/www.camping-le-calagogo.fr\/nl\/wp-json\/wp\/v2\/pages\/2708525\/revisions"}],"predecessor-version":[{"id":2832434,"href":"https:\/\/www.camping-le-calagogo.fr\/nl\/wp-json\/wp\/v2\/pages\/2708525\/revisions\/2832434"}],"wp:featuredmedia":[{"embeddable":true,"href":"https:\/\/www.camping-le-calagogo.fr\/nl\/wp-json\/wp\/v2\/media\/2629566"}],"wp:attachment":[{"href":"https:\/\/www.camping-le-calagogo.fr\/nl\/wp-json\/wp\/v2\/media?parent=2708525"}],"wp:term":[{"taxonomy":"sujet","embeddable":true,"href":"https:\/\/www.camping-le-calagogo.fr\/nl\/wp-json\/wp\/v2\/sujet?post=2708525"}],"curies":[{"name":"wp","href":"https:\/\/api.w.org\/{rel}","templated":true}]}}