{"id":2708546,"date":"2023-10-18T09:47:23","date_gmt":"2023-10-18T07:47:23","guid":{"rendered":"https:\/\/www.camping-le-calagogo.fr\/toerisme-saint-cyprien\/"},"modified":"2024-01-12T09:49:43","modified_gmt":"2024-01-12T08:49:43","slug":"toerisme-saint-cyprien","status":"publish","type":"page","link":"https:\/\/www.camping-le-calagogo.fr\/nl\/toerisme-saint-cyprien\/","title":{"rendered":"Saint-Cyprien"},"content":{"rendered":"<section id=\"ls-section-block_7a4da2724bc6af9e84b359e8dcd0c0b5\" class=\"ls-section  page-chapeau deco has-p-b p-b-4\" >\r\n        <div class=\"container container--wide\">\r\n        \n\n<h1 class=\"ls__heading wp-block-heading has-text-align-center\">Tourisme <br\/><strong>Saint Cyprien<\/strong><\/h1>\n\n\n\n<div class=\"wp-block-columns is-layout-flex wp-container-core-columns-is-layout-9d6595d7 wp-block-columns-is-layout-flex\">\n<div class=\"wp-block-column is-layout-flow wp-block-column-is-layout-flow\"><\/div>\n\n\n\n<div class=\"wp-block-column is-layout-flow wp-block-column-is-layout-flow\" style=\"flex-basis:50%\">\n<p class=\"ls-paragraph has-text-align-center\">Saint Cyprien, bekend om zijn enorme jachthaven, gerangschikt als de <strong>3\u1d49 haven van Frankrijk<\/strong>, trekt de mooiste boten en jachten ten zuiden van het zuiden aan.<\/p>\n<\/div>\n\n\n\n<div class=\"wp-block-column is-layout-flow wp-block-column-is-layout-flow\"><\/div>\n<\/div>\n\n\r\n    <\/div>\r\n<\/section><section id=\"ls-section-block_220de7f8c49f0b4f1f0fb9275d4723c9\" class=\"ls-section  page-one has-p-t p-t-0 has-p-b p-b-14\" >\r\n        <div class=\"container container--wide\">\r\n        \n\n<div class=\"wp-block-columns is-layout-flex wp-container-core-columns-is-layout-9d6595d7 wp-block-columns-is-layout-flex\">\n<div class=\"wp-block-column is-vertically-aligned-center first is-layout-flow wp-block-column-is-layout-flow\" style=\"flex-basis:66.7%\">\n<iframe src=\"https:\/\/www.google.com\/maps\/embed?pb=!1m28!1m12!1m3!1d94082.53596217233!2d2.984083292366437!3d42.53237126335373!2m3!1f0!2f0!3f0!3m2!1i1024!2i768!4f13.1!4m13!3e0!4m5!1s0x12b07c232d050435%3A0xcb342de2280a2e20!2sCamping%20Cala%20Gogo%2C%20Avenue%20Armand%20Lanoux%2C%20Saint-Cyprien!3m2!1d42.5988201!2d3.0397849!4m5!1s0x12b07b863f1b104b%3A0x4078821166765c0!2sSaint-Cyprien!3m2!1d42.61783!2d3.0041819999999997!5e0!3m2!1sfr!2sfr!4v1700608389183!5m2!1sfr!2sfr\" width=\"100%\" height=\"550\" style=\"border:0;\" allowfullscreen=\"\" loading=\"lazy\" referrerpolicy=\"no-referrer-when-downgrade\"><\/iframe>\n<\/div>\n\n\n\n<div class=\"wp-block-column is-vertically-aligned-center second is-layout-flow wp-block-column-is-layout-flow\" style=\"flex-basis:33.3%\">\n<h2 class=\"ls__heading wp-block-heading\">Waar ligt Saint-Cyprien?<\/h2>\n\n\n\n<p class=\"ls-paragraph\">Saint-Cyprien est une ville baln\u00e9aire d\u2019environ dix mille habitants, situ\u00e9e sur le littoral m\u00e9diterran\u00e9en, dans l\u2019est du d\u00e9partement des Pyr\u00e9n\u00e9es-Orientales.<br\/><br\/>Parmi les destinations baln\u00e9aires proches, on retrouve notamment Port Barcar\u00e8s (25 km), mais aussi Canet-en-Roussillon (13 km) ou encore Argel\u00e8s-sur-Mer (11 km). Saint-Cyprien est par ailleurs \u00e0 environ 15 km au sud de Perpignan et \u00e0 30 km de Rivesaltes.<br\/><br\/>Au <a href=\"https:\/\/www.camping-le-calagogo.fr\/nl\/\" data-type=\"page\" data-id=\"9\">camping Saint Cyprien 5 \u00e9toiles<\/a>, vous serez id\u00e9alement situ\u00e9s pour d\u00e9couvrir la ville et ses environs.<\/p>\n<\/div>\n<\/div>\n\n\r\n    <\/div>\r\n<\/section><section id=\"ls-section-block_dda6e5d2d1bec4e95354d0ac9beffbf0\" class=\"ls-section  page-two mosaique has-background has-color-4-background-color has-p-t p-t-14 has-p-b p-b-14\" >\r\n        <div class=\"container container--wide\">\r\n        \n\n<div class=\"wp-block-columns is-layout-flex wp-container-core-columns-is-layout-9d6595d7 wp-block-columns-is-layout-flex\">\n<div class=\"wp-block-column is-vertically-aligned-center is-layout-flow wp-block-column-is-layout-flow\">\n<h2 class=\"ls__heading wp-block-heading\">Saint-Cyprien aan zee<\/h2>\n\n\n\n<p class=\"ls-paragraph\">Saint-Cyprien trekt ook bezoekers met de schoonheid van de kust.<\/p>\n\n\n\n<p class=\"ls-paragraph\">De badplaats heeft meer dan zes kilometer aan fijne zandstranden. Hieronder valt het <strong>noordelijke strand<\/strong>, ideaal voor <strong>watersporten<\/strong> zoals kitesurfen en stand-up paddling.<\/p>\n\n\n\n<p class=\"ls-paragraph\">Op een steenworp afstand van de grote markt worden op het Plage de l&#8217;Art van juni tot september volleybaltoernooien gehouden. Het <strong>Plage de la Lagune<\/strong> wordt het best gewaardeerd om zijn wilde omgeving, net als het Plage Sud&#8230;<\/p>\n<\/div>\n\n\n\n<div class=\"wp-block-column is-vertically-aligned-center is-layout-flow wp-block-column-is-layout-flow\">\n<figure class=\"wp-block-image size-full\"><img decoding=\"async\" width=\"1811\" height=\"1200\" src=\"https:\/\/www.camping-le-calagogo.fr\/wp-content\/uploads\/2023\/11\/sejour-collioure-1.webp\" alt=\"Pauze in collioure\" class=\"wp-image-3335\" srcset=\"https:\/\/www.camping-le-calagogo.fr\/wp-content\/uploads\/2023\/11\/sejour-collioure-1.webp 1811w, https:\/\/www.camping-le-calagogo.fr\/wp-content\/uploads\/2023\/11\/sejour-collioure-1-300x199.webp 300w, https:\/\/www.camping-le-calagogo.fr\/wp-content\/uploads\/2023\/11\/sejour-collioure-1-1024x679.webp 1024w, https:\/\/www.camping-le-calagogo.fr\/wp-content\/uploads\/2023\/11\/sejour-collioure-1-768x509.webp 768w, https:\/\/www.camping-le-calagogo.fr\/wp-content\/uploads\/2023\/11\/sejour-collioure-1-1536x1018.webp 1536w\" sizes=\"(max-width: 1811px) 100vw, 1811px\" \/><\/figure>\n<\/div>\n<\/div>\n\n\r\n    <\/div>\r\n<\/section><section id=\"ls-section-block_ceb7000d9a53ff88ce99cf78ef1dd55f\" class=\"ls-section  section-parallax has-background-image has-parallax has-background has-color-black-background-color has-p-t p-t-30 has-p-b p-b-0\" >\r\n    <div class=\"ls-section__background-image opacity-58\"><img decoding=\"async\" src=\"https:\/\/www.camping-le-calagogo.fr\/wp-content\/uploads\/2023\/11\/tulips-4933492_1280.jpg\" alt=\"\"><\/div>    <div class=\"container container--wide\">\r\n        \n\n<div class=\"wp-block-columns has-color-white-background-color has-background is-layout-flex wp-container-core-columns-is-layout-9d6595d7 wp-block-columns-is-layout-flex\">\n<div class=\"wp-block-column is-layout-flow wp-block-column-is-layout-flow\">\n<h2 class=\"ls__heading wp-block-heading has-text-align-center\">Wat te doen in Saint-Cyprien<\/h2>\n\n\n\n<p class=\"ls-paragraph has-text-align-center\">In deze sectie vind je een aantal van de emblematische plekken van de stad Saint-Cyprien :<\/p>\n\n\n\n<div class=\"wp-block-columns is-layout-flex wp-container-core-columns-is-layout-9d6595d7 wp-block-columns-is-layout-flex\">\n<div class=\"wp-block-column is-layout-flow wp-block-column-is-layout-flow\">\n<ul class=\"ls-list wp-block-list\">\n<li><strong>De via Podiensis<\/strong>: De via Podiensis (route du Puy) is een van de vier Franse pelgrimsroutes naar Santiago de Compostela. De route begint in Le Puy-en-Velay en leidt naar het dorp Obstat, vlakbij waar het samenkomt met twee andere pelgrimsroutes &#8211; de via Turonensis en de via Lemovicensis &#8211; waarmee het de Camino navarro vormt, een route die doorloopt tot Puente la Reina in Spanje.<\/li>\n\n\n\n<li><strong>Aqualand Saint-Cyprien:<\/strong> Het park is een genot voor sensatiezoekers, glijbaanliefhebbers en ontspanningszoekers, allemaal in een weelderig groene omgeving. Er is genoeg adrenaline te beleven in de achtbaan en in de duizelingwekkende bochten en afdalingen van de Snake Canyon. Kinderen kunnen zich ook vermaken met &#8220;aventure-kids&#8221; (schateiland) en het &#8220;mini-park&#8221; (thematische speeltuin).<\/li>\n<\/ul>\n<\/div>\n\n\n\n<div class=\"wp-block-column is-layout-flow wp-block-column-is-layout-flow\">\n<ul class=\"ls-list wp-block-list\">\n<li><strong>De Jardin des Plantes:<\/strong> De Jardin des Plantes is een oase van rust en groen. Het is de perfecte plek om te wandelen voor zowel geliefden als gezinnen en biedt een verfrissende oase op slechts vijf minuten van het strand.<\/li>\n\n\n\n<li><strong>Stranden in Saint-Cyprien:<\/strong> Het strand van Saint-Cyprien is een geweldige plek voor verschillende watersporten en vrijetijdsactiviteiten. Dit prachtige zandstrand is vooral populair bij gezinnen.<\/li>\n\n\n\n<li><strong>JOA Casino in Saint-Cyprien:<\/strong> Of je nu wilt kaarten (blackjack, poker, enz.) of genieten van een lunch op het terras, het JOA casino is een must in Saint-Cyprien. Ontdek de offici\u00eble website van het JOA Casino in St Cyprien.<\/li>\n<\/ul>\n<\/div>\n<\/div>\n<\/div>\n<\/div>\n\n\r\n    <\/div>\r\n<\/section><section id=\"ls-section-block_272f9e815b8513680f2beeab706feea1\" class=\"ls-section  page-one has-p-t p-t-14 has-p-b p-b-14\" >\r\n        <div class=\"container container--wide\">\r\n        \n\n<div class=\"wp-block-columns is-layout-flex wp-container-core-columns-is-layout-9d6595d7 wp-block-columns-is-layout-flex\">\n<div class=\"wp-block-column is-vertically-aligned-center first is-layout-flow wp-block-column-is-layout-flow\" style=\"flex-basis:66.7%\">\n<figure class=\"wp-block-image size-full\"><img decoding=\"async\" width=\"1803\" height=\"1200\" src=\"https:\/\/www.camping-le-calagogo.fr\/wp-content\/uploads\/2023\/11\/eglise-saint-cyprien.webp\" alt=\"kerk saint cyprien\" class=\"wp-image-3368\" srcset=\"https:\/\/www.camping-le-calagogo.fr\/wp-content\/uploads\/2023\/11\/eglise-saint-cyprien.webp 1803w, https:\/\/www.camping-le-calagogo.fr\/wp-content\/uploads\/2023\/11\/eglise-saint-cyprien-300x200.webp 300w, https:\/\/www.camping-le-calagogo.fr\/wp-content\/uploads\/2023\/11\/eglise-saint-cyprien-1024x682.webp 1024w, https:\/\/www.camping-le-calagogo.fr\/wp-content\/uploads\/2023\/11\/eglise-saint-cyprien-768x511.webp 768w, https:\/\/www.camping-le-calagogo.fr\/wp-content\/uploads\/2023\/11\/eglise-saint-cyprien-1536x1022.webp 1536w\" sizes=\"(max-width: 1803px) 100vw, 1803px\" \/><\/figure>\n<\/div>\n\n\n\n<div class=\"wp-block-column is-vertically-aligned-center second is-layout-flow wp-block-column-is-layout-flow\" style=\"flex-basis:33.3%\">\n<h2 class=\"ls__heading wp-block-heading\">Bezoek aan het dorp Saint-Cyprien<\/h2>\n\n\n\n<p class=\"ls-paragraph\">Le village de Saint-Cyprien est connu pour la diversit\u00e9 de son patrimoine culturel. Apr\u00e8s la plage ou le shopping, prenez le temps de visiter les Collections de Saint-Cyprien, un mus\u00e9e nich\u00e9 au c\u0153ur du village et abritant plusieurs \u0153uvres uniques et expositions temporaires, mais \u00e9galement un fond de r\u00e9serve exceptionnel de l\u2019artiste peintre Fran\u00e7ois Desnoyer.<br\/><br\/>N\u2019h\u00e9sitez pas \u00e0 louer un v\u00e9lo et <a href=\"https:\/\/www.camping-le-calagogo.fr\/actu-camping-saint-cyprien\/les-pistes-cyclables-a-saint-cyprien\/\" data-type=\"post\" data-id=\"4155\">d\u00e9couvrir la ville de Saint-Cyprien gr\u00e2ce aux pistes cyclables<\/a>.<\/p>\n\n\n\n<p class=\"ls-paragraph\"><strong>De kapel Saint-Etienne de Villerase<\/strong> is een favoriete picknickplek voor bezoekers en de plaatselijke bevolking. De dorpskerk, die dateert uit de 18e eeuw en een Romaanse kerk verving, trekt ook veel bezoekers.<\/p>\n<\/div>\n<\/div>\n\n\r\n    <\/div>\r\n<\/section><section id=\"ls-section-block_dda6e5d2d1bec4e95354d0ac9beffbf0\" class=\"ls-section  page-two mosaique has-background has-color-4-background-color has-p-t p-t-14 has-p-b p-b-14\" >\r\n        <div class=\"container container--wide\">\r\n        \n\n<div class=\"wp-block-columns is-layout-flex wp-container-core-columns-is-layout-9d6595d7 wp-block-columns-is-layout-flex\">\n<div class=\"wp-block-column is-vertically-aligned-center is-layout-flow wp-block-column-is-layout-flow\">\n<p class=\"ls-paragraph\"><strong>Het dorp Saint-Cyprien<\/strong> biedt ook het hele jaar door vrijetijdsactiviteiten en evenementen. Traditionele concerten en festivals brengen inwoners, zeilers en vakantiegangers samen op twee emblematische staanplaatsen, Place de la R\u00e9publique en Place Desnoyer. Het Festa Major, een traditioneel driedaags festival om opnieuw kennis te maken met de Catalaanse cultuur, wordt elk jaar in september gehouden en trekt duizenden bezoekers.<\/p>\n\n\n\n<p class=\"ls-paragraph\">De Stedelijke Muziekschool organiseert ook regelmatig gratis concerten in de stad.<\/p>\n<\/div>\n\n\n\n<div class=\"wp-block-column is-vertically-aligned-center is-layout-flow wp-block-column-is-layout-flow\">\n<figure class=\"wp-block-image size-full\"><img decoding=\"async\" width=\"1800\" height=\"1200\" src=\"https:\/\/www.camping-le-calagogo.fr\/wp-content\/uploads\/2023\/11\/decouvrir-saint-cyprien.webp\" alt=\"ontdek saint cyprien\" class=\"wp-image-3373\" srcset=\"https:\/\/www.camping-le-calagogo.fr\/wp-content\/uploads\/2023\/11\/decouvrir-saint-cyprien.webp 1800w, https:\/\/www.camping-le-calagogo.fr\/wp-content\/uploads\/2023\/11\/decouvrir-saint-cyprien-300x200.webp 300w, https:\/\/www.camping-le-calagogo.fr\/wp-content\/uploads\/2023\/11\/decouvrir-saint-cyprien-1024x683.webp 1024w, https:\/\/www.camping-le-calagogo.fr\/wp-content\/uploads\/2023\/11\/decouvrir-saint-cyprien-768x512.webp 768w, https:\/\/www.camping-le-calagogo.fr\/wp-content\/uploads\/2023\/11\/decouvrir-saint-cyprien-1536x1024.webp 1536w\" sizes=\"(max-width: 1800px) 100vw, 1800px\" \/><\/figure>\n<\/div>\n<\/div>\n\n\r\n    <\/div>\r\n<\/section><section id=\"ls-section-block_525e510b268436760302a12508ae15f4\" class=\"ls-section  section-parallax has-background-image has-parallax has-background has-color-black-background-color has-p-t p-t-30 has-p-b p-b-0\" >\r\n    <div class=\"ls-section__background-image opacity-58\"><img decoding=\"async\" src=\"https:\/\/www.camping-le-calagogo.fr\/wp-content\/uploads\/2023\/11\/parc-aquatique-toboggan.webp\" alt=\"\"><\/div>    <div class=\"container container--wide\">\r\n        \n\n<div class=\"wp-block-columns has-color-white-background-color has-background is-layout-flex wp-container-core-columns-is-layout-9d6595d7 wp-block-columns-is-layout-flex\">\n<div class=\"wp-block-column is-layout-flow wp-block-column-is-layout-flow\">\n<h2 class=\"ls__heading wp-block-heading has-text-align-center\">Een dagje Aqualand in Saint-Cyprien<\/h2>\n\n\n\n<p class=\"ls-paragraph has-text-align-center\"><a href=\"https:\/\/www.aqualand.fr\/saint-cyprien\/\">Aqualand in Saint-Cyprien <\/a>is een genot voor sensatiezoekers en waterski\u00ebrs. De populairste attracties zijn onder andere :<\/p>\n\n\n\n<ul class=\"ls-list wp-block-list\">\n<li>&#8220;The Wave&#8221;, een gigantische structuur die een indruk van gewichtloosheid geeft.<\/li>\n\n\n\n<li>&#8220;Niagra&#8221; is een duizelingwekkende helling die een genot is voor snelheidsliefhebbers.<\/li>\n\n\n\n<li>&#8220;Anaconda&#8221;, voor fans van glijden en duizelingwekkende actie.<\/li>\n\n\n\n<li>&#8220;Big Bob&#8217; neemt je mee naar de wereld van Rasta-Rockett&#8230;<\/li>\n<\/ul>\n\n\n\n<p class=\"ls-paragraph has-text-align-center\">Sommige attracties zijn bijzonder populair bij gezinnen, zoals :<\/p>\n\n\n\n<ul class=\"ls-list wp-block-list\">\n<li>&#8220;Black Hole&#8221;, met de ervaring van een afdaling in het donker.<\/li>\n\n\n\n<li>&#8220;Congo River&#8217;, waar je achterover kunt leunen in een comfortabele boot en door een tropische omgeving kunt glijden.<\/li>\n\n\n\n<li>&#8220;Snake Canyon, beroemd om zijn duizelingwekkende bochten en afdalingen<\/li>\n\n\n\n<li>&#8220;Space Navigator&#8217;, een achtbaan in het water.<\/li>\n\n\n\n<li>&#8220;Surf Racer&#8221;, die nieuwe sensaties op het water belooft&#8230;<\/li>\n\n\n\n<li>&#8220;Twister&#8221;, voor 20 meter vrije val met lichteffecten&#8230;<\/li>\n<\/ul>\n\n\n\n<p class=\"ls-paragraph has-text-align-center addReadMore showlesscontent [08:23]\">Natuurlijk zijn er ook attracties die speciaal voor kinderen zijn ontworpen, zoals :<\/p>\n\n\n\n<ul class=\"ls-list wp-block-list\">\n<li>&#8220;Adventure Kids&#8221;, waar kinderen piraat spelen op hun schateiland en alles in het werk stellen om het fort van kapitein Brook Water en de vijf glijbanen over te nemen.<\/li>\n\n\n\n<li>&#8220;Minipark&#8217;, een thematische speelzone die de jongste bezoekers onderdompelt in een fascinerende wereld met waterstralen en speciaal aangepaste glijbanen.<\/li>\n<\/ul>\n<\/div>\n<\/div>\n\n\r\n    <\/div>\r\n<\/section><section id=\"ls-section-block_272f9e815b8513680f2beeab706feea1\" class=\"ls-section  page-one has-p-t p-t-14 has-p-b p-b-14\" >\r\n        <div class=\"container container--wide\">\r\n        \n\n<div class=\"wp-block-columns is-layout-flex wp-container-core-columns-is-layout-9d6595d7 wp-block-columns-is-layout-flex\">\n<div class=\"wp-block-column is-vertically-aligned-center first is-layout-flow wp-block-column-is-layout-flow\" style=\"flex-basis:66.7%\">\n<figure class=\"wp-block-image size-full\"><img decoding=\"async\" width=\"1800\" height=\"1200\" src=\"https:\/\/www.camping-le-calagogo.fr\/wp-content\/uploads\/2023\/11\/plongee-saint-cyprien.webp\" alt=\"duiken saint cyprien\" class=\"wp-image-3384\" srcset=\"https:\/\/www.camping-le-calagogo.fr\/wp-content\/uploads\/2023\/11\/plongee-saint-cyprien.webp 1800w, https:\/\/www.camping-le-calagogo.fr\/wp-content\/uploads\/2023\/11\/plongee-saint-cyprien-300x200.webp 300w, https:\/\/www.camping-le-calagogo.fr\/wp-content\/uploads\/2023\/11\/plongee-saint-cyprien-1024x683.webp 1024w, https:\/\/www.camping-le-calagogo.fr\/wp-content\/uploads\/2023\/11\/plongee-saint-cyprien-768x512.webp 768w, https:\/\/www.camping-le-calagogo.fr\/wp-content\/uploads\/2023\/11\/plongee-saint-cyprien-1536x1024.webp 1536w\" sizes=\"(max-width: 1800px) 100vw, 1800px\" \/><\/figure>\n<\/div>\n\n\n\n<div class=\"wp-block-column is-vertically-aligned-center second is-layout-flow wp-block-column-is-layout-flow\" style=\"flex-basis:33.3%\">\n<h2 class=\"ls__heading wp-block-heading\">Wateractiviteiten bij het strand van Saint-Cyprien<\/h2>\n\n\n\n<p class=\"ls-paragraph has-text-align-left\"><br\/><\/p>\n\n\n\n<ul class=\"ls-list wp-block-list\">\n<li><a href=\"https:\/\/www.camping-le-calagogo.fr\/nl\/actu-camping-saint-cyprien\/duiken-in-de-zee\/\" data-type=\"post\" data-id=\"2821975\">Plong\u00e9e sous-marine :<\/a> Laissez-vous tenter par cette exp\u00e9rience unique qu\u2019est la plong\u00e9e sous-marine. \u00c0 partir de 19 euros, vous pouvez participer \u00e0 une \u00ab excursion \u00bb sous l\u2019eau, organis\u00e9e par le Centre de plong\u00e9e Aquaplanet. Si vous n\u2019avez jamais pratiqu\u00e9 cette activit\u00e9, l\u2019\u00e9tablissement vous propose des cours.<\/li>\n\n\n\n<li><strong>Excursies<\/strong> aan zee<strong>:<\/strong> Trakteer jezelf op een uitstapje aan zee om de bezienswaardigheden te ontdekken, zoals de C\u00f4te Vermeille of de Costa Brava in Spanje.<\/li>\n<\/ul>\n<\/div>\n<\/div>\n\n\r\n    <\/div>\r\n<\/section><section id=\"ls-section-block_dda6e5d2d1bec4e95354d0ac9beffbf0\" class=\"ls-section  page-two mosaique has-background has-color-4-background-color has-p-t p-t-14 has-p-b p-b-14\" >\r\n        <div class=\"container container--wide\">\r\n        \n\n<div class=\"wp-block-columns is-layout-flex wp-container-core-columns-is-layout-9d6595d7 wp-block-columns-is-layout-flex\">\n<div class=\"wp-block-column is-vertically-aligned-center is-layout-flow wp-block-column-is-layout-flow\">\n<ul class=\"ls-list wp-block-list\">\n<li><strong>Zeevissen:<\/strong> Dit is een ervaring die je niet mag missen, vooral als je meer wilt doen dan alleen naar het landschap en de dolfijnen op zee kijken.<\/li>\n\n\n\n<li><strong>Wandeling<\/strong> bij zonsondergang<strong>:<\/strong> Trakteer jezelf op een wandeling van een uur of twee bij zonsondergang langs de zee of de vijver.<\/li>\n\n\n\n<li><strong>Robinson&#8221; zwemmen:<\/strong> Voor anderhalf uur kun je zwemmen bij de mooiste wilde stranden in en rond Saint-Cyprien. Het is ook een geweldige gelegenheid om te genieten van watersporten zoals paddleboarden en snorkelen.<\/li>\n<\/ul>\n<\/div>\n\n\n\n<div class=\"wp-block-column is-vertically-aligned-center is-layout-flow wp-block-column-is-layout-flow\">\n<figure class=\"wp-block-image size-full\"><img decoding=\"async\" width=\"1800\" height=\"1200\" src=\"https:\/\/www.camping-le-calagogo.fr\/wp-content\/uploads\/2023\/11\/peche-saint-cyprien.webp\" alt=\"peche saint cyprien\" class=\"wp-image-3389\" srcset=\"https:\/\/www.camping-le-calagogo.fr\/wp-content\/uploads\/2023\/11\/peche-saint-cyprien.webp 1800w, https:\/\/www.camping-le-calagogo.fr\/wp-content\/uploads\/2023\/11\/peche-saint-cyprien-300x200.webp 300w, https:\/\/www.camping-le-calagogo.fr\/wp-content\/uploads\/2023\/11\/peche-saint-cyprien-1024x683.webp 1024w, https:\/\/www.camping-le-calagogo.fr\/wp-content\/uploads\/2023\/11\/peche-saint-cyprien-768x512.webp 768w, https:\/\/www.camping-le-calagogo.fr\/wp-content\/uploads\/2023\/11\/peche-saint-cyprien-1536x1024.webp 1536w\" sizes=\"(max-width: 1800px) 100vw, 1800px\" \/><\/figure>\n<\/div>\n<\/div>\n\n\r\n    <\/div>\r\n<\/section><section id=\"ls-section-block_fb188aed60855632d88d30f432cd08e9\" class=\"ls-section  page-maillage has-p-b p-b-14\" >\r\n        <div class=\"container container--wide\">\r\n        \n\n<div id=\"ls-heading ls-titre-div-block_fea83302c0d09ab33318a2ec858be060\" class=\"ls-titre-div m-left h2-like\" >\n    Villes proches <\/br>de Saint-Cyprien<\/div>\n\n\n<div id=\"ls-maillage-block_2a8cd64aecb34d854d0081d1f6c3ebd5\" class=\"ls-maillage cta-style-normal\" data-rows=\"3\">\n    <div class=\"wp-block-columns  \"><div class=\"wp-block-column\"><div id=\"destinations\" class=\"ls-cta\">\n\n<a href=\"https:\/\/www.camping-le-calagogo.fr\/nl\/camping-argeles-sur-mer\/toerisme-argeles-sur-mer\/\" target=\"\" rel=\"noopener\" class=\"ls-cta__link\">\n\n\t<div class=\"ls-cta__image\"><img decoding=\"async\" src=\"https:\/\/www.camping-le-calagogo.fr\/wp-content\/uploads\/2023\/11\/visiter-argeles-sur-mer.webp\" alt=\"\"><\/div>\n\t<div class=\"ls-cta__title\">\n\t\tArgel\u00e8s-sur-Mer\t<\/div>\n\t\n\t\t\n<\/a><\/div><\/div><div class=\"wp-block-column\"><div id=\"destinations\" class=\"ls-cta\">\n\n<a href=\"https:\/\/www.camping-le-calagogo.fr\/nl\/toerisme-port-barcares\/\" target=\"\" rel=\"noopener\" class=\"ls-cta__link\">\n\n\t<div class=\"ls-cta__image\"><img decoding=\"async\" src=\"https:\/\/www.camping-le-calagogo.fr\/wp-content\/uploads\/2023\/11\/visiter-port-barcares.webp\" alt=\"\"><\/div>\n\t<div class=\"ls-cta__title\">\n\t\tHaven Barcar\u00e8s\t<\/div>\n\t\n\t\t\n<\/a><\/div><\/div><div class=\"wp-block-column\"><div id=\"destinations\" class=\"ls-cta\">\n\n<a href=\"https:\/\/www.camping-le-calagogo.fr\/nl\/camping\/\" target=\"\" rel=\"noopener\" class=\"ls-cta__link\">\n\n\t<div class=\"ls-cta__image\"><img decoding=\"async\" src=\"https:\/\/www.camping-le-calagogo.fr\/wp-content\/uploads\/2023\/12\/sejour-camping-carcassonne.webp\" alt=\"\"><\/div>\n\t<div class=\"ls-cta__title\">\n\t\tCamping\t<\/div>\n\t\n\t\t\n<\/a><\/div><\/div><\/div><\/div>\n\r\n    <\/div>\r\n<\/section>","protected":false},"excerpt":{"rendered":"","protected":false},"author":1,"featured_media":3331,"parent":0,"menu_order":0,"comment_status":"closed","ping_status":"closed","template":"","meta":{"_acf_changed":false,"_seopress_robots_primary_cat":"","_seopress_titles_title":"Toerisme Saint-Cyprien | Bezienswaardigheden en dingen om te doen in St Cyprien (66)","_seopress_titles_desc":"Ontdek Saint Cyprien, deze prachtige badplaats in de Pyr\u00e9n\u00e9es-Orientales voor je volgende vakantie!","_seopress_robots_index":"","inline_featured_image":false,"footnotes":""},"sujet":[],"class_list":["post-2708546","page","type-page","status-publish","has-post-thumbnail","hentry"],"acf":[],"_links":{"self":[{"href":"https:\/\/www.camping-le-calagogo.fr\/nl\/wp-json\/wp\/v2\/pages\/2708546","targetHints":{"allow":["GET"]}}],"collection":[{"href":"https:\/\/www.camping-le-calagogo.fr\/nl\/wp-json\/wp\/v2\/pages"}],"about":[{"href":"https:\/\/www.camping-le-calagogo.fr\/nl\/wp-json\/wp\/v2\/types\/page"}],"author":[{"embeddable":true,"href":"https:\/\/www.camping-le-calagogo.fr\/nl\/wp-json\/wp\/v2\/users\/1"}],"replies":[{"embeddable":true,"href":"https:\/\/www.camping-le-calagogo.fr\/nl\/wp-json\/wp\/v2\/comments?post=2708546"}],"version-history":[{"count":12,"href":"https:\/\/www.camping-le-calagogo.fr\/nl\/wp-json\/wp\/v2\/pages\/2708546\/revisions"}],"predecessor-version":[{"id":2826531,"href":"https:\/\/www.camping-le-calagogo.fr\/nl\/wp-json\/wp\/v2\/pages\/2708546\/revisions\/2826531"}],"wp:featuredmedia":[{"embeddable":true,"href":"https:\/\/www.camping-le-calagogo.fr\/nl\/wp-json\/wp\/v2\/media\/3331"}],"wp:attachment":[{"href":"https:\/\/www.camping-le-calagogo.fr\/nl\/wp-json\/wp\/v2\/media?parent=2708546"}],"wp:term":[{"taxonomy":"sujet","embeddable":true,"href":"https:\/\/www.camping-le-calagogo.fr\/nl\/wp-json\/wp\/v2\/sujet?post=2708546"}],"curies":[{"name":"wp","href":"https:\/\/api.w.org\/{rel}","templated":true}]}}