{"id":2708559,"date":"2023-10-18T09:46:05","date_gmt":"2023-10-18T07:46:05","guid":{"rendered":"https:\/\/www.camping-le-calagogo.fr\/annuleringsgarantie\/"},"modified":"2025-12-02T15:39:32","modified_gmt":"2025-12-02T14:39:32","slug":"annuleringsgarantie","status":"publish","type":"page","link":"https:\/\/www.camping-le-calagogo.fr\/nl\/annuleringsgarantie\/","title":{"rendered":"Vroeg Boeken"},"content":{"rendered":"<section id=\"ls-section-block_1283833cb96e1dd24968b0dbdce75d5d\" class=\"ls-section  page-chapeau deco has-p-b p-b-4\" >\r\n        <div class=\"container container--wide\">\r\n        \n\n<h1 class=\"ls__heading wp-block-heading has-text-align-center\">Aanbod Vroeg Boeken du Cala Gogo <br><strong>in Saint-Cyprien<\/strong><\/h1>\n\n\r\n    <\/div>\r\n<\/section>\n\n<section id=\"ls-section-block_991ad8d0122c8f0bf332b4d7ee7f4e09\" class=\"ls-section  page-one has-p-t p-t-0 has-p-b p-b-14\" >\r\n        <div class=\"container container--wide\">\r\n        \n\n<div class=\"wp-block-columns are-vertically-aligned-center is-layout-flex wp-container-core-columns-is-layout-9d6595d7 wp-block-columns-is-layout-flex\">\n<div class=\"wp-block-column is-vertically-aligned-center first is-layout-flow wp-block-column-is-layout-flow\" style=\"flex-basis:66.7%\">\n<figure class=\"wp-block-image size-full\"><a href=\"https:\/\/www.camping-le-calagogo.fr\/wp-content\/uploads\/2023\/10\/camping-cala-gogo-a-saint-cyprien-avec-piscine-avec-des-toboggans.webp\"><img decoding=\"async\" width=\"2000\" height=\"1333\" src=\"https:\/\/www.camping-le-calagogo.fr\/wp-content\/uploads\/2023\/10\/camping-cala-gogo-a-saint-cyprien-avec-piscine-avec-des-toboggans.webp\" alt=\"\" class=\"wp-image-578\" srcset=\"https:\/\/www.camping-le-calagogo.fr\/wp-content\/uploads\/2023\/10\/camping-cala-gogo-a-saint-cyprien-avec-piscine-avec-des-toboggans.webp 2000w, https:\/\/www.camping-le-calagogo.fr\/wp-content\/uploads\/2023\/10\/camping-cala-gogo-a-saint-cyprien-avec-piscine-avec-des-toboggans-300x200.webp 300w, https:\/\/www.camping-le-calagogo.fr\/wp-content\/uploads\/2023\/10\/camping-cala-gogo-a-saint-cyprien-avec-piscine-avec-des-toboggans-1024x682.webp 1024w, https:\/\/www.camping-le-calagogo.fr\/wp-content\/uploads\/2023\/10\/camping-cala-gogo-a-saint-cyprien-avec-piscine-avec-des-toboggans-768x512.webp 768w, https:\/\/www.camping-le-calagogo.fr\/wp-content\/uploads\/2023\/10\/camping-cala-gogo-a-saint-cyprien-avec-piscine-avec-des-toboggans-1536x1024.webp 1536w\" sizes=\"(max-width: 2000px) 100vw, 2000px\" \/><\/a><\/figure>\n<\/div>\n\n\n\n<div class=\"wp-block-column is-vertically-aligned-center second is-layout-flow wp-block-column-is-layout-flow\" style=\"flex-basis:33.3%\">\n<p class=\"ls-paragraph has-text-align-left\">Met de <strong>vroegboekaanbieding<\/strong> van Cala Gogo geldt: hoe vroeger je boekt, hoe beter je bent voorbereid op je vakantie. Profiteer van<strong>10% korting op je stacaravan <\/strong> voor alle boekingen gemaakt v\u00f3\u00f3r 28\/02\/2026.<\/p>\n\n\n\n<p class=\"ls-paragraph has-text-align-left\">Cala Gogo biedt je ook andere VOORDELEN:<\/p>\n\n\n\n<ul class=\"ls-list ls-list-undefined wp-block-list\">\n<li>Je<strong> kunt je kampeerplaats<\/strong> of stacaravan kiezen. Het is zo fijn om te kunnen kiezen waar je je koffers neerzet en om naast oude vrienden te staan om goede tijden te delen.<\/li>\n\n\n\n<li>De garantie om je verblijf kosteloos te kunnen annuleren of uitstellen tot 30 dagen voor aankomst met de garantie S\u00e9r\u00e9nit\u00e9 (speciale covid &#8211; zie AVT) of de garantie Zen (zie AVT).<\/li>\n\n\n\n<li>Betaling in termijnen, waarbij het saldo \u00e9\u00e9n maand voor aankomst moet worden betaald, om je budget onder controle te houden<\/li>\n\n\n\n<li>Flexibiliteit van aankomstdagen op verschillende tijden van het jaar voor een stressvrije reis<\/li>\n<\/ul>\n\n\n\n<p class=\"ls-paragraph has-text-align-left addReadMore showlesscontent\">Vroegboekkorting tot 28\/02\/2026 is de promotie die je nodig hebt voor een goed georganiseerde vakantie in een zonnige regio op de door de familie uitgekozen camping, tegen de beste prijs! Wacht niet langer!<\/p>\n\n\n\n<a href=\"https:\/\/bookingpremium.secureholiday.net\/fr\/2224\/offers?_ga=2.94130841.501342646.1696958619-92885158.1695638371&#038;_gl=1*eqclui*_ga*OTI4ODUxNTguMTY5NTYzODM3MQ..*_ga_4KTSZ1C4HZ*MTY5NzAyMDczMS45LjEuMTY5NzAyNDIxNy42MC4wLjA.\" id=\"ls-button-block_ddb41228ae0fba004a9301636a592e7d\" target=\"\" rel=\"\" class=\"ls-button alignleft\" ><span>Ik geniet er nu van<\/span> <i class='calagogo-right-arrow'><\/i><\/a>\n<\/div>\n<\/div>\n\n\r\n    <\/div>\r\n<\/section>\n\n<section id=\"ls-section-block_12d66e341d95698e64786cc00b215fa7\" class=\"ls-section  page-one has-background has-color-4-background-color has-m-t m-t-0\" >\r\n        <div class=\"container container--wide\">\r\n        \n\n<div class=\"wp-block-columns is-layout-flex wp-container-core-columns-is-layout-9d6595d7 wp-block-columns-is-layout-flex\">\n<div class=\"wp-block-column m-l-4 is-layout-flow wp-block-column-is-layout-flow\">\n<h2 class=\"ls__heading wp-block-heading\">Zen&#8221; annuleringsgarantie, van toepassing in alle omstandigheden<\/h2>\n\n\n\n<p class=\"ls-paragraph has-text-align-left\">De eigen <strong>ZEN-annuleringsgarantie <\/strong>van de Camping wordt afgesloten op het moment van boeken voor <strong>3% van je verblijf<\/strong>. Het blijft optioneel.<\/p>\n\n\n\n<p class=\"ls-paragraph has-text-align-left\">Als de klant besluit deze verzekering niet af te sluiten, heeft hij geen recht op restitutie in geval van annulering. Alle annuleringsverzoeken moeten uitsluitend per e-mail worden ingediend.  <\/p>\n\n\n\n<p class=\"ls-paragraph has-text-align-left\">De betaalde bedragen worden als volgt terugbetaald:<\/p>\n\n\n\n<ul class=\"ls-list wp-block-list\">\n\n<li>100% meer dan 30 dagen voor de startdatum van je verblijf (niet-restitueerbare boekingskosten en annuleringsgarantie).<\/li>\n\n\n<li>50% meer dan 15 dagen voor de startdatum van je verblijf (niet-restitueerbare boekingskosten en annuleringsgarantie).<\/li>\n\n\n<li>25% meer dan 7 dagen voor de startdatum van je verblijf (niet-restitueerbare administratiekosten en annuleringsgarantie).<\/li>\n\n\n<li>Minder dan 7 dagen voor aanvang van uw verblijf verbeurt de Camping alle verschuldigde bedragen.<\/li>\n\n<\/ul>\n\n\n\n<p class=\"ls-paragraph has-text-align-left\"><strong>Voorwaarden die van toepassing zijn op annuleringsdekking:<\/strong> Ernstige ziekte, overlijden van een lid  <\/p>\n<\/div>\n<\/div>\n\n\r\n    <\/div>\r\n<\/section>\n\n<section id=\"ls-section-block_912c51666ed2f39a463af7c757cf2642\" class=\"ls-section  page-maillage has-p-b p-b-14\" >\r\n        <div class=\"container container--wide\">\r\n        \n\n<div id=\"ls-heading ls-titre-div-block_f691bf707d347ec7852077e15e081bc9\" class=\"ls-titre-div m-left h2-like\" >\n    Ontdek <\/br>Cala Gogo!<\/div>\n\n\n<div id=\"ls-maillage-block_84c66f8e24a37ebb8ad9356e49560f05\" class=\"ls-maillage cta-style-normal\" data-rows=\"3\">\n    <div class=\"wp-block-columns  \"><div class=\"wp-block-column\"><div id=\"destinations\" class=\"ls-cta\">\n\n<a href=\"https:\/\/www.camping-le-calagogo.fr\/nl\/camping-diensten-pyrenees-orientales\/\" target=\"\" rel=\"noopener\" class=\"ls-cta__link\">\n\n\t<div class=\"ls-cta__image\"><img decoding=\"async\" src=\"https:\/\/www.camping-le-calagogo.fr\/wp-content\/uploads\/2023\/12\/epicerie-languedoc.webp\" alt=\"\"><\/div>\n\t<div class=\"ls-cta__title\">\n\t\tDiensten en winkels\t<\/div>\n\t\n\t\t\n<\/a><\/div><\/div><div class=\"wp-block-column\"><div id=\"destinations\" class=\"ls-cta\">\n\n<a href=\"https:\/\/www.camping-le-calagogo.fr\/nl\/camping-rand-de-meer-languedoc-roussillon\/\" target=\"\" rel=\"noopener\" class=\"ls-cta__link\">\n\n\t<div class=\"ls-cta__image\"><img decoding=\"async\" src=\"https:\/\/www.camping-le-calagogo.fr\/wp-content\/uploads\/2023\/12\/camping-bord-mer-saint-cyprien.webp\" alt=\"\"><\/div>\n\t<div class=\"ls-cta__title\">\n\t\tSeaside\t<\/div>\n\t\n\t\t\n<\/a><\/div><\/div><div class=\"wp-block-column\"><div id=\"destinations\" class=\"ls-cta\">\n\n<a href=\"https:\/\/www.camping-le-calagogo.fr\/nl\/goedkoop-kamperen-languedoc-roussillon\/\" target=\"\" rel=\"noopener\" class=\"ls-cta__link\">\n\n\t<div class=\"ls-cta__image\"><img decoding=\"async\" src=\"https:\/\/www.camping-le-calagogo.fr\/wp-content\/uploads\/2023\/12\/camping-reception.webp\" alt=\"\"><\/div>\n\t<div class=\"ls-cta__title\">\n\t\tTarieven\t<\/div>\n\t\n\t\t\n<\/a><\/div><\/div><\/div><\/div>\n\r\n    <\/div>\r\n<\/section>","protected":false},"excerpt":{"rendered":"","protected":false},"author":1,"featured_media":2630410,"parent":0,"menu_order":0,"comment_status":"closed","ping_status":"closed","template":"","meta":{"_acf_changed":false,"_seopress_robots_primary_cat":"","_seopress_titles_title":"Vroegboekgarantie; Annuleringsgarantie in Saint-Cyprien Plage","_seopress_titles_desc":"","_seopress_robots_index":"","inline_featured_image":false,"footnotes":""},"sujet":[],"class_list":["post-2708559","page","type-page","status-publish","has-post-thumbnail","hentry"],"acf":[],"_links":{"self":[{"href":"https:\/\/www.camping-le-calagogo.fr\/nl\/wp-json\/wp\/v2\/pages\/2708559","targetHints":{"allow":["GET"]}}],"collection":[{"href":"https:\/\/www.camping-le-calagogo.fr\/nl\/wp-json\/wp\/v2\/pages"}],"about":[{"href":"https:\/\/www.camping-le-calagogo.fr\/nl\/wp-json\/wp\/v2\/types\/page"}],"author":[{"embeddable":true,"href":"https:\/\/www.camping-le-calagogo.fr\/nl\/wp-json\/wp\/v2\/users\/1"}],"replies":[{"embeddable":true,"href":"https:\/\/www.camping-le-calagogo.fr\/nl\/wp-json\/wp\/v2\/comments?post=2708559"}],"version-history":[{"count":5,"href":"https:\/\/www.camping-le-calagogo.fr\/nl\/wp-json\/wp\/v2\/pages\/2708559\/revisions"}],"predecessor-version":[{"id":2847838,"href":"https:\/\/www.camping-le-calagogo.fr\/nl\/wp-json\/wp\/v2\/pages\/2708559\/revisions\/2847838"}],"wp:featuredmedia":[{"embeddable":true,"href":"https:\/\/www.camping-le-calagogo.fr\/nl\/wp-json\/wp\/v2\/media\/2630410"}],"wp:attachment":[{"href":"https:\/\/www.camping-le-calagogo.fr\/nl\/wp-json\/wp\/v2\/media?parent=2708559"}],"wp:term":[{"taxonomy":"sujet","embeddable":true,"href":"https:\/\/www.camping-le-calagogo.fr\/nl\/wp-json\/wp\/v2\/sujet?post=2708559"}],"curies":[{"name":"wp","href":"https:\/\/api.w.org\/{rel}","templated":true}]}}