{"id":2708601,"date":"2023-10-19T10:01:16","date_gmt":"2023-10-19T08:01:16","guid":{"rendered":"https:\/\/www.camping-le-calagogo.fr\/toerisme-collioure\/"},"modified":"2024-01-11T00:50:17","modified_gmt":"2024-01-10T23:50:17","slug":"toerisme-collioure","status":"publish","type":"page","link":"https:\/\/www.camping-le-calagogo.fr\/nl\/toerisme-collioure\/","title":{"rendered":"Collioure"},"content":{"rendered":"<section id=\"ls-section-block_36e42628cfd68d2d11b1b8f9f9fe8d78\" class=\"ls-section  page-chapeau deco has-p-b p-b-4\" >\r\n        <div class=\"container \">\r\n        \n\n<h1 class=\"ls__heading wp-block-heading has-text-align-center\">Ontdek <br><strong>van Collioure<\/strong><\/h1>\n\n\n\n<p class=\"ls-paragraph has-text-align-center\">Collioure, een charmant Catalaans havenstadje genesteld in een van de mooiste baaien van de C\u00f4te Vermeille, is een kunstenaarsdorp met een uitzonderlijk gebouwd erfgoed. Een niet te missen bestemming in Roussillon.<\/p>\n\n\r\n    <\/div>\r\n<\/section>\n\n<section id=\"ls-section-block_84948a6bf2443f16e5d036645181bb74\" class=\"ls-section  page-one has-p-t p-t-0 has-p-b p-b-14\" >\r\n        <div class=\"container container--wide\">\r\n        \n\n<div class=\"wp-block-columns is-layout-flex wp-container-core-columns-is-layout-9d6595d7 wp-block-columns-is-layout-flex\">\n<div class=\"wp-block-column is-vertically-aligned-center first is-layout-flow wp-block-column-is-layout-flow\" style=\"flex-basis:66.7%\">\n<iframe src=\"https:\/\/www.google.com\/maps\/embed?pb=!1m28!1m12!1m3!1d130594.81942449203!2d2.984083292366437!3d42.53237126335373!2m3!1f0!2f0!3f0!3m2!1i1024!2i768!4f13.1!4m13!3e0!4m5!1s0x12b07c232d050435%3A0xcb342de2280a2e20!2sCamping%20Cala%20Gogo%2C%20Avenue%20Armand%20Lanoux%2C%20Saint-Cyprien!3m2!1d42.5988201!2d3.0397849!4m5!1s0x12b07f95291fde8d%3A0x91f56d4265317420!2sCollioure!3m2!1d42.526751999999995!2d3.084631!5e0!3m2!1sfr!2sfr!4v1700605509012!5m2!1sfr!2sfr\" width=\"100%\" height=\"550\" style=\"border:0;\" allowfullscreen=\"\" loading=\"lazy\" referrerpolicy=\"no-referrer-when-downgrade\"><\/iframe>\n<\/div>\n\n\n\n<div class=\"wp-block-column is-vertically-aligned-center second is-layout-flow wp-block-column-is-layout-flow\" style=\"flex-basis:33.3%\">\n<h2 class=\"ls__heading wp-block-heading\">Waar ligt Collioure?<\/h2>\n\n\n\n<p class=\"ls-paragraph\">Tussen Argel\u00e8s en Port Vendres strekt Collioure zich uit van de Middellandse Zee tot de Madeloc-toren, 5 km landinwaarts.  <\/p>\n\n\n\n<p class=\"ls-paragraph\">Op minder dan 7 kilometer van de Spaanse grens is het een van de meest zuidelijke gemeenten in de Pyr\u00e9n\u00e9es-Orientales, naast Banyuls en Cerb\u00e8re. Het markeert het begin van de Vermeille kust, met zijn charmante baaien, rijke biodiverse rotsachtige zeebodem en steile kliffen.<\/p>\n<\/div>\n<\/div>\n\n\r\n    <\/div>\r\n<\/section>\n\n<section id=\"ls-section-block_52d92d1bedd30dcd240064830988992b\" class=\"ls-section  page-two mosaique has-background has-color-4-background-color has-p-t p-t-14 has-p-b p-b-14\" >\r\n        <div class=\"container container--wide\">\r\n        \n\n<div class=\"wp-block-columns is-layout-flex wp-container-core-columns-is-layout-9d6595d7 wp-block-columns-is-layout-flex\">\n<div class=\"wp-block-column is-vertically-aligned-center is-layout-flow wp-block-column-is-layout-flow\">\n<h2 class=\"ls__heading wp-block-heading\">Wat te doen in Collioure<\/h2>\n\n\n\n<ul class=\"ls-list wp-block-list\">\n<li><strong>Fauvisme ontdekken:<\/strong> de geboorteplaats van het fauvisme in de 20\u1d49 eeuw, Collioure kan worden bezocht via een parcours in de voetsporen van Matisse, Derain en Signac, aangeboden door het Maison du Fauvisme.<\/li>\n\n\n\n<li><strong>Bezoek het Koninklijk Kasteel:<\/strong> een 13\u1d49 eeuws fort, het laatste koninklijke versterkte kasteel in Frankrijk, het was ook de zomerresidentie van de koningen van Mallorca en diende als gevangenis voor vluchtelingen van de Retirada. Vanaf de top van de torens en de borstwering kun je genieten van een uniek panoramisch uitzicht over de baai.<\/li>\n\n\n\n<li><strong>De molen:<\/strong> de oudste molen van de Roussillon, de graanmolen van Collioure, dateert uit de 14\u1d49 eeuw. Na de restauratie werd het omgebouwd tot oliemolen.<\/li>\n\n\n\n<li><strong>Het Museum voor Moderne Kunst:<\/strong> gehuisvest in de Villa Pams, brengt collecties van 20e\u1d49 eeuwse en hedendaagse kunst samen en organiseert een aantal tijdelijke tentoonstellingen binnen zijn muren.<\/li>\n\n\n\n<li><strong>Fort Saint-Elme:<\/strong> op de weg naar Port Vendres met uitzicht op de Middellandse Zee werd Fort Saint-Elme onder Karel V gebouwd op de plek van een oude verdedigingstoren die in de 8\u1d49 eeuw door de Moren werd gebouwd.<\/li>\n\n\n\n<li><strong>De Catalaanse haven:<\/strong> het toeristische mekka van Collioure, de haven bruist nog steeds van de kleurrijke bootjes van de ansjovisvissers. Een echte ansichtkaartomgeving.<\/li>\n<\/ul>\n<\/div>\n\n\n\n<div class=\"wp-block-column is-vertically-aligned-center is-layout-flow wp-block-column-is-layout-flow\">\n<figure class=\"wp-block-image size-full\"><img decoding=\"async\" width=\"1800\" height=\"1200\" src=\"https:\/\/www.camping-le-calagogo.fr\/wp-content\/uploads\/2023\/11\/port-collioure.webp\" alt=\"haven collioure\" class=\"wp-image-3281\" srcset=\"https:\/\/www.camping-le-calagogo.fr\/wp-content\/uploads\/2023\/11\/port-collioure.webp 1800w, https:\/\/www.camping-le-calagogo.fr\/wp-content\/uploads\/2023\/11\/port-collioure-300x200.webp 300w, https:\/\/www.camping-le-calagogo.fr\/wp-content\/uploads\/2023\/11\/port-collioure-1024x683.webp 1024w, https:\/\/www.camping-le-calagogo.fr\/wp-content\/uploads\/2023\/11\/port-collioure-768x512.webp 768w, https:\/\/www.camping-le-calagogo.fr\/wp-content\/uploads\/2023\/11\/port-collioure-1536x1024.webp 1536w\" sizes=\"(max-width: 1800px) 100vw, 1800px\" \/><\/figure>\n<\/div>\n<\/div>\n\n\r\n    <\/div>\r\n<\/section>\n\n<section id=\"ls-section-block_06f18e0c439ff2ee667703103ef7cb42\" class=\"ls-section  section-parallax has-background-image has-parallax has-background has-color-black-background-color has-p-t p-t-30 has-p-b p-b-0\" >\r\n    <div class=\"ls-section__background-image opacity-58\"><img decoding=\"async\" src=\"https:\/\/www.camping-le-calagogo.fr\/wp-content\/uploads\/2023\/11\/visiter-collioure.webp\" alt=\"\"><\/div>    <div class=\"container container--wide\">\r\n        \n\n<div class=\"wp-block-columns has-color-white-background-color has-background is-layout-flex wp-container-core-columns-is-layout-9d6595d7 wp-block-columns-is-layout-flex\">\n<div class=\"wp-block-column is-layout-flow wp-block-column-is-layout-flow\">\n<h2 class=\"ls__heading wp-block-heading has-text-align-center\">Stranden en baaien van Collioure<\/h2>\n\n\n\n<p class=\"ls-paragraph has-text-align-center\">Een van de grootste toeristische attracties van Collioure zijn de sublieme baaien langs de kustlijn: de baaien van Collioure, emblematisch voor de C\u00f4te Vermeille, liggen tegen de prestigieuze achtergrond van het steile dorp, het koninklijke kasteel en de kerk Notre-Dame-des-Anges.<\/p>\n\n\n\n<p class=\"ls-paragraph has-text-align-center\">De baaien en stranden van Collioure zijn ideaal om te zwemmen, snorkelen en loungen en bieden een adembenemende verandering van omgeving in de Pyr\u00e9n\u00e9es-Orientales.  <\/p>\n\n\n\n<p class=\"ls-paragraph has-text-align-center\">Een must-see is de kreek van Saint-Vincent, met een zand- en kiezelstrand in de buurt van de winkels in het stadscentrum, vanwaar je kunt genieten van een subliem uitzicht op het Koninklijk Fort. De baai van Boramar, een echte ansichtkaart, ligt in het hart van het dorp, tussen de kerk Notre-Dame-des-Anges en het kasteel.<\/p>\n\n\n\n<p class=\"ls-paragraph has-text-align-center\">Het is ook een droomdecor voor het strand van de familie Faubourg, tegen de achtergrond van het koninklijke kasteel. Voor een intiem moment ga je naar de kiezelbaai van La Balette, toegankelijk via een klein kustpad, of de baai van Les Batteries, met zijn turquoise wateren omringd door hoge kliffen.<\/p>\n\n\n\n<p class=\"ls-paragraph has-text-align-center\">Om te ontspannen op fijn zand ga je naar de baai Roches Bleues, iets verderop. De inham van Oli biedt ook een paradijselijke omgeving, met kliffen en kristalhelder water.<\/p>\n<\/div>\n<\/div>\n\n\r\n    <\/div>\r\n<\/section>\n\n<section id=\"ls-section-block_ea56bd0bff17efe86e10cff989206c44\" class=\"ls-section  page-one has-p-b p-b-14\" >\r\n        <div class=\"container container--wide\">\r\n        \n\n<div class=\"wp-block-columns is-layout-flex wp-container-core-columns-is-layout-9d6595d7 wp-block-columns-is-layout-flex\">\n<div class=\"wp-block-column is-vertically-aligned-center first is-layout-flow wp-block-column-is-layout-flow\" style=\"flex-basis:66.7%\">\n<figure class=\"wp-block-image size-full\"><img decoding=\"async\" width=\"2000\" height=\"1200\" src=\"https:\/\/www.camping-le-calagogo.fr\/wp-content\/uploads\/2023\/11\/randonnees-colliour.webp\" alt=\"colliour wandelingen\" class=\"wp-image-3295\" srcset=\"https:\/\/www.camping-le-calagogo.fr\/wp-content\/uploads\/2023\/11\/randonnees-colliour.webp 2000w, https:\/\/www.camping-le-calagogo.fr\/wp-content\/uploads\/2023\/11\/randonnees-colliour-300x180.webp 300w, https:\/\/www.camping-le-calagogo.fr\/wp-content\/uploads\/2023\/11\/randonnees-colliour-1024x614.webp 1024w, https:\/\/www.camping-le-calagogo.fr\/wp-content\/uploads\/2023\/11\/randonnees-colliour-768x461.webp 768w, https:\/\/www.camping-le-calagogo.fr\/wp-content\/uploads\/2023\/11\/randonnees-colliour-1536x922.webp 1536w\" sizes=\"(max-width: 2000px) 100vw, 2000px\" \/><\/figure>\n<\/div>\n\n\n\n<div class=\"wp-block-column is-vertically-aligned-center second is-layout-flow wp-block-column-is-layout-flow\" style=\"flex-basis:33.3%\">\n<h2 class=\"ls__heading wp-block-heading\">Wandelingen en trektochten in Collioure<\/h2>\n\n\n\n<p class=\"ls-paragraph\" id=\"block-d536e523-6ed2-4261-bfa5-f4ab76000ba8\">Collioure, de parel van de C\u00f4te Vermeille, is ook een ideale bestemming om <strong>te wandelen<\/strong>. De <strong>landschappen <\/strong>van de baai kunnen worden verkend tijdens prachtige wandelingen.<br><br>Het toeristenbureau van Collioure biedt vakantiegangers gidsen met de mooiste wandelingen in de Roussillon en aan de C\u00f4te Vermeille.<\/p>\n\n\n\n<p class=\"ls-paragraph\" id=\"block-a89be0c8-814e-43d6-9f9c-8c724f533a00\">Er zijn routes voor alle niveaus: een <strong>korte wandeling<\/strong> naar Fort Saint-Elme, het fauvistische pad met uitlegpanelen, een wandeling naar de hermitage Notre-Dame de Consolation of een lange wandeling naar de Madeloc toren.<\/p>\n\n\n\n<p class=\"ls-paragraph addReadMore showlesscontent\" id=\"block-a89be0c8-814e-43d6-9f9c-8c724f533a00\">Een <strong>lange<\/strong> meerdaagse <strong>wandeling<\/strong> brengt je van Collioure naar het Spaanse dorp Cadaqu\u00e9s: het volgt de kustlijn over de Pyrenee\u00ebn en de grens naar het charmante stadje dat Dali zo dierbaar was.<\/p>\n\n\n\n<p class=\"ls-paragraph\" id=\"block-1ccf979e-a7ee-495e-8b98-9c99c2410886\">Via Banyuls, Cerb\u00e8re en Llan\u00e7a voert deze route langs paden langs het water, paradijselijke baaien en hoge paden met uitzicht over de Middellandse Zee. Langs deze <strong>niet te missen route door het Catalaanse platteland<\/strong> vinden wandelaars landschappen van zeldzame schoonheid.<\/p>\n<\/div>\n<\/div>\n\n\r\n    <\/div>\r\n<\/section>\n\n<section id=\"ls-section-block_52d92d1bedd30dcd240064830988992b\" class=\"ls-section  page-two mosaique has-background has-color-4-background-color has-p-t p-t-14 has-p-b p-b-14\" >\r\n        <div class=\"container container--wide\">\r\n        \n\n<div class=\"wp-block-columns is-layout-flex wp-container-core-columns-is-layout-9d6595d7 wp-block-columns-is-layout-flex\">\n<div class=\"wp-block-column is-vertically-aligned-center is-layout-flow wp-block-column-is-layout-flow\">\n<h2 class=\"ls__heading wp-block-heading has-text-align-left\">Ontdek de cultuur van Collioure<\/h2>\n\n\n\n<p class=\"ls-paragraph has-text-align-left\">De bevoorrechte ligging van Collioure, beschut in de baai op een steenworp afstand van de Spaanse grens, heeft het tot een strategische locatie gemaakt die door de eeuwen heen vaak is begeerd.<\/p>\n\n\n\n<p class=\"ls-paragraph has-text-align-left\">Achtereenvolgens residentie van de koningen van Mallorca, vesting van de Habsburgers, citadel van de Bourbons en vervolgens tuchtkamp voor de vluchtelingen van de Spaanse Retirada, weerspiegelt het kasteel van Collioure de bewogen geschiedenis van de stad.<\/p>\n\n\n\n<p class=\"ls-paragraph\">Lang voordat het een toeristische bestemming werd, was Collioure een bescheiden vissershaven, een prestigieuze handelshaven en de inspiratiebron voor de schilder Matisse, de vader van het fauvisme.<\/p>\n<\/div>\n\n\n\n<div class=\"wp-block-column is-vertically-aligned-center is-layout-flow wp-block-column-is-layout-flow\">\n<figure class=\"wp-block-image size-full\"><img decoding=\"async\" width=\"1488\" height=\"1200\" src=\"https:\/\/www.camping-le-calagogo.fr\/wp-content\/uploads\/2023\/11\/decouvrir-collioure.webp\" alt=\"ontdek collioure\" class=\"wp-image-3301\" srcset=\"https:\/\/www.camping-le-calagogo.fr\/wp-content\/uploads\/2023\/11\/decouvrir-collioure.webp 1488w, https:\/\/www.camping-le-calagogo.fr\/wp-content\/uploads\/2023\/11\/decouvrir-collioure-300x242.webp 300w, https:\/\/www.camping-le-calagogo.fr\/wp-content\/uploads\/2023\/11\/decouvrir-collioure-1024x826.webp 1024w, https:\/\/www.camping-le-calagogo.fr\/wp-content\/uploads\/2023\/11\/decouvrir-collioure-768x619.webp 768w\" sizes=\"(max-width: 1488px) 100vw, 1488px\" \/><\/figure>\n<\/div>\n<\/div>\n\n\r\n    <\/div>\r\n<\/section>\n\n<section id=\"ls-section-block_c2ca9fdb30ae45adf1a166abd955c914\" class=\"ls-section  page-two has-p-t p-t-14 has-p-b p-b-14\" >\r\n        <div class=\"container container--wide\">\r\n        \n\n<div class=\"wp-block-columns is-layout-flex wp-container-core-columns-is-layout-9d6595d7 wp-block-columns-is-layout-flex\">\n<div class=\"wp-block-column is-vertically-aligned-center is-layout-flow wp-block-column-is-layout-flow\">\n<figure class=\"wp-block-image size-full bigger animated fadeInLeft delay-100ms slow\"><a href=\"https:\/\/www.camping-le-calagogo.fr\/wp-content\/uploads\/2023\/11\/sejour-collioure.webp\"><img decoding=\"async\" width=\"1901\" height=\"1200\" src=\"https:\/\/www.camping-le-calagogo.fr\/wp-content\/uploads\/2023\/11\/sejour-collioure.webp\" alt=\"Pauze in collioure\" class=\"wp-image-3308\" srcset=\"https:\/\/www.camping-le-calagogo.fr\/wp-content\/uploads\/2023\/11\/sejour-collioure.webp 1901w, https:\/\/www.camping-le-calagogo.fr\/wp-content\/uploads\/2023\/11\/sejour-collioure-300x189.webp 300w, https:\/\/www.camping-le-calagogo.fr\/wp-content\/uploads\/2023\/11\/sejour-collioure-1024x646.webp 1024w, https:\/\/www.camping-le-calagogo.fr\/wp-content\/uploads\/2023\/11\/sejour-collioure-768x485.webp 768w, https:\/\/www.camping-le-calagogo.fr\/wp-content\/uploads\/2023\/11\/sejour-collioure-1536x970.webp 1536w\" sizes=\"(max-width: 1901px) 100vw, 1901px\" \/><\/a><\/figure>\n<\/div>\n\n\n\n<div class=\"wp-block-column is-vertically-aligned-center is-layout-flow wp-block-column-is-layout-flow\">\n<p class=\"ls-paragraph has-text-align-left\">Het erfgoed van de stad ontdekken en de bezienswaardigheden bezoeken is een manier om de cultuur te ontdekken, die rijk is aan vele invloeden en een veelzijdig verleden.<br><br>Het Maison du Fauvisme organiseert talloze excursies en rondleidingen langs de verschillende toeristische attracties van Collioure. Een klein toeristentreintje doorkruist het gebied rond Collioure ook van site naar site en van uitkijkpunt naar uitkijkpunt.<br><br>Wat u niet mag missen: de vestingwerken van de Taillefer batterij, de ronde en vierkante forten, Fort Dugommier, Fort Saint-Elme en Fort Miradou; de religieuze gebouwen van de Notre-Dame-des-anges kerk, het klooster van de Dominicanen en de hermitage Notre-Dame de Consolation; de co\u00f6peratieve kelder van de Dominicanen en de AOC Collioure-Banyuls wijnen; het koninklijk kasteel en de wachttocht; de oliemolen; en de ansjovis conservenfabrieken.<\/p>\n<\/div>\n<\/div>\n\n\r\n    <\/div>\r\n<\/section>\n\n<section id=\"ls-section-block_7ad6f7c6455afd4a53bade39fad91ed4\" class=\"ls-section  section-parallax has-background-image has-parallax has-background has-color-black-background-color has-p-t p-t-30 has-p-b p-b-0\" >\r\n    <div class=\"ls-section__background-image opacity-58\"><img decoding=\"async\" src=\"https:\/\/www.camping-le-calagogo.fr\/wp-content\/uploads\/2023\/11\/restaurants-collioure-1.webp\" alt=\"\"><\/div>    <div class=\"container container--wide\">\r\n        \n\n<div class=\"wp-block-columns has-color-white-background-color has-background is-layout-flex wp-container-core-columns-is-layout-9d6595d7 wp-block-columns-is-layout-flex\">\n<div class=\"wp-block-column is-layout-flow wp-block-column-is-layout-flow\">\n<h2 class=\"ls__heading wp-block-heading has-text-align-center\">Toerisme in Collioure: restaurants<\/h2>\n\n\n\n<div class=\"wp-block-columns is-layout-flex wp-container-core-columns-is-layout-9d6595d7 wp-block-columns-is-layout-flex\">\n<div class=\"wp-block-column is-layout-flow wp-block-column-is-layout-flow\">\n<ul class=\"ls-list wp-block-list\">\n<li><strong>Le Jardin de Collioure<\/strong>: verfijnde keuken op het land en op zee, in het uitzonderlijke kader van de kloostergang van een voormalig 13\u1d49 eeuws Dominicaans klooster, aan het einde van de impasse du Mus\u00e9e op de weg naar Port-Vendres.<\/li>\n\n\n\n<li><strong>L&#8217;Ostra Bar \u00e0 Hu\u00eetre Collioure<\/strong>: in het oude dorp, in de rue Saint-Vincent, op honderd meter van het toeristenbureau van Collioure, is L&#8217;Ostra een oester- en tapasbar die bekend staat om de kwaliteit van zijn regionale producten en de gezellige sfeer.<\/li>\n\n\n\n<li><strong>Restaurant Le Neptune<\/strong>: aan de weg Port-Vendres heeft Le Neptune een terras met panoramisch uitzicht over de baai Baleta en het koninklijk kasteel van Collioure. Alsof je boven het water zweeft, kun je genieten van regionale producten die met verfijning en gulheid worden bereid.<\/li>\n<\/ul>\n<\/div>\n\n\n\n<div class=\"wp-block-column is-layout-flow wp-block-column-is-layout-flow\">\n<ul class=\"ls-list wp-block-list\">\n<li><strong>Restaurant Can Pla<\/strong>: in de rue Voltaire serveert Can Pla typisch Catalaanse gerechten met tapas (waaronder de beroemde ansjovis uit Collioure), gegrild vlees, parilladas, Catalaanse vis- en vleesspecialiteiten en huisgemaakt ijs.<\/li>\n\n\n\n<li><strong>Le Temps du Patio:<\/strong> in de rue du Docteur Coste, in het oude centrum van Collioure, serveert Le Temps du Patio authentieke lokale gerechten in een warme en kleurrijke omgeving. Er zijn elke dag verschillende menu&#8217;s en verse seizoensproducten, waaronder de niet te missen Catalaanse specialiteit cal\u00e7otada.<\/li>\n<\/ul>\n<\/div>\n<\/div>\n<\/div>\n<\/div>\n\n\r\n    <\/div>\r\n<\/section>\n\n<section id=\"ls-section-block_d3f7e02410e3507146070cb6b565e45d\" class=\"ls-section  page-maillage has-p-b p-b-14\" >\r\n        <div class=\"container container--wide\">\r\n        \n\n<div id=\"ls-heading ls-titre-div-block_51a8dc35c7584c9456d1cf191ade58e0\" class=\"ls-titre-div m-left h2-like\" >\n    Naburige steden <\/br>de Collioure<\/div>\n\n\n<div id=\"ls-maillage-block_d616573e50b2a9e0ca598d3a82af885e\" class=\"ls-maillage cta-style-normal\" data-rows=\"3\">\n    <div class=\"wp-block-columns  \"><div class=\"wp-block-column\"><div id=\"destinations\" class=\"ls-cta\">\n\n<a href=\"https:\/\/www.camping-le-calagogo.fr\/nl\/camping-argeles-sur-mer\/toerisme-argeles-sur-mer\/\" target=\"\" rel=\"noopener\" class=\"ls-cta__link\">\n\n\t<div class=\"ls-cta__image\"><img decoding=\"async\" src=\"https:\/\/www.camping-le-calagogo.fr\/wp-content\/uploads\/2023\/11\/visiter-argeles-sur-mer.webp\" alt=\"\"><\/div>\n\t<div class=\"ls-cta__title\">\n\t\tArgel\u00e8s-sur-Mer\t<\/div>\n\t\n\t\t\n<\/a><\/div><\/div><div class=\"wp-block-column\"><div id=\"destinations\" class=\"ls-cta\">\n\n<a href=\"https:\/\/www.camping-le-calagogo.fr\/nl\/camping-canet-en-rousillon\/\" target=\"\" rel=\"noopener\" class=\"ls-cta__link\">\n\n\t<div class=\"ls-cta__image\"><img decoding=\"async\" src=\"https:\/\/www.camping-le-calagogo.fr\/wp-content\/uploads\/2023\/12\/vacances-canet-en-rousillon.webp\" alt=\"\"><\/div>\n\t<div class=\"ls-cta__title\">\n\t\tCamping in Canet-en-Rousillon\t<\/div>\n\t\n\t\t\n<\/a><\/div><\/div><div class=\"wp-block-column\"><div id=\"destinations\" class=\"ls-cta\">\n\n<a href=\"https:\/\/www.camping-le-calagogo.fr\/nl\/toerisme-port-barcares\/\" target=\"\" rel=\"noopener\" class=\"ls-cta__link\">\n\n\t<div class=\"ls-cta__image\"><img decoding=\"async\" src=\"https:\/\/www.camping-le-calagogo.fr\/wp-content\/uploads\/2023\/11\/visiter-port-barcares.webp\" alt=\"\"><\/div>\n\t<div class=\"ls-cta__title\">\n\t\tHaven Barcar\u00e8s\t<\/div>\n\t\n\t\t\n<\/a><\/div><\/div><\/div><\/div>\n\r\n    <\/div>\r\n<\/section>","protected":false},"excerpt":{"rendered":"","protected":false},"author":1,"featured_media":2708147,"parent":0,"menu_order":0,"comment_status":"closed","ping_status":"closed","template":"","meta":{"_acf_changed":false,"_seopress_robots_primary_cat":"","_seopress_titles_title":"Toerisme Collioure | Bezienswaardigheden en dingen om te doen in Collioure","_seopress_titles_desc":"","_seopress_robots_index":"","inline_featured_image":false,"footnotes":""},"sujet":[],"class_list":["post-2708601","page","type-page","status-publish","has-post-thumbnail","hentry"],"acf":[],"_links":{"self":[{"href":"https:\/\/www.camping-le-calagogo.fr\/nl\/wp-json\/wp\/v2\/pages\/2708601","targetHints":{"allow":["GET"]}}],"collection":[{"href":"https:\/\/www.camping-le-calagogo.fr\/nl\/wp-json\/wp\/v2\/pages"}],"about":[{"href":"https:\/\/www.camping-le-calagogo.fr\/nl\/wp-json\/wp\/v2\/types\/page"}],"author":[{"embeddable":true,"href":"https:\/\/www.camping-le-calagogo.fr\/nl\/wp-json\/wp\/v2\/users\/1"}],"replies":[{"embeddable":true,"href":"https:\/\/www.camping-le-calagogo.fr\/nl\/wp-json\/wp\/v2\/comments?post=2708601"}],"version-history":[{"count":4,"href":"https:\/\/www.camping-le-calagogo.fr\/nl\/wp-json\/wp\/v2\/pages\/2708601\/revisions"}],"predecessor-version":[{"id":2826138,"href":"https:\/\/www.camping-le-calagogo.fr\/nl\/wp-json\/wp\/v2\/pages\/2708601\/revisions\/2826138"}],"wp:featuredmedia":[{"embeddable":true,"href":"https:\/\/www.camping-le-calagogo.fr\/nl\/wp-json\/wp\/v2\/media\/2708147"}],"wp:attachment":[{"href":"https:\/\/www.camping-le-calagogo.fr\/nl\/wp-json\/wp\/v2\/media?parent=2708601"}],"wp:term":[{"taxonomy":"sujet","embeddable":true,"href":"https:\/\/www.camping-le-calagogo.fr\/nl\/wp-json\/wp\/v2\/sujet?post=2708601"}],"curies":[{"name":"wp","href":"https:\/\/api.w.org\/{rel}","templated":true}]}}